{"id":2172,"date":"2021-06-30T02:01:29","date_gmt":"2021-06-30T02:01:29","guid":{"rendered":"http:\/\/clinicaclam.com.br\/?page_id=2172"},"modified":"2022-02-09T02:01:33","modified_gmt":"2022-02-09T02:01:33","slug":"harmonizacao-orofacial","status":"publish","type":"page","link":"https:\/\/clinicaclam.com.br\/index.php\/harmonizacao-orofacial\/","title":{"rendered":"Harmoniza\u00e7\u00e3o Orofacial"},"content":{"rendered":"<p>[vc_row margin_bottom=&#8221;0&#8243; bg_color=&#8221;#fcfcfc&#8221; padding=&#8221;40px 0 0 0&#8243; css=&#8221;.vc_custom_1591306450451{margin-bottom: 0px !important;padding-top: 40px !important;padding-right: 0px !important;padding-bottom: 0px !important;padding-left: 0px !important;}&#8221;][vc_column][vc_column_text el_class=&#8221;bigP&#8221;]<\/p>\n<h1 style=\"text-align: center;\">HARMONIZA\u00c7\u00c3O OROFACIAL<\/h1>\n<p style=\"text-align: center;\"><img loading=\"lazy\" decoding=\"async\" class=\"wp-image-1039 size-full aligncenter\" style=\"margin-top: 30px;\" src=\"https:\/\/clinicaclam.com.br\/wp-content\/uploads\/2020\/06\/210465253_846887729542082_4491075512491612173_n.png\" alt=\"\" width=\"1048\" height=\"586\" \/><\/p>\n<p>[\/vc_column_text][\/vc_column][\/vc_row][vc_row equal_height=&#8221;yes&#8221; margin_bottom=&#8221;40px&#8221; css=&#8221;.vc_custom_1591315985493{margin-bottom: 40px !important;}&#8221;][vc_column][vc_column_text el_class=&#8221;titleBorder&#8221;]<\/p>\n<h2>BENEF\u00cdCIOS DO TRATAMENTO<\/h2>\n<p>[\/vc_column_text][vc_row_inner][vc_column_inner][vc_column_text el_class=&#8221;bigP&#8221;]A Harmoniza\u00e7\u00e3o Orofacial\u00a0 (HOF) \u00e9 um\u00a0conjunto de procedimentos realizados pelo cirurgi\u00e3o-dentista\u00a0em sua \u00e1rea de atua\u00e7\u00e3o, respons\u00e1veis pelo equil\u00edbrio est\u00e9tico e funcional da face.<br \/>\nTemos que entender que o envelhecimento facial \u00e9 influenciado por diversos\u00a0fatores tais como: a a\u00e7\u00e3o da for\u00e7a da gravidade na pele, exposi\u00e7\u00e3o\u00a0aos raios ultravioleta, reabsor\u00e7\u00e3o dos ossos, diminui\u00e7\u00e3o e alongamento dos m\u00fasculos, diminui\u00e7\u00e3o e deslocamento da camada de gordura na face, al\u00e9m da redu\u00e7\u00e3o\u00a0na produ\u00e7\u00e3o\u00a0de col\u00e1geno e elastina pelas c\u00e9lulas. Todas estas altera\u00e7\u00f5es\u00a0promovem o aprofundamento das rugas, evidencia\u00e7\u00e3o do &#8220;bigode\u00a0chin\u00eas&#8221;, da marionete e das olheiras, perda de elasticidade e aumento de flacidez. Desta forma, com o passar do tempo o rosto fica com um formato mais quadrado devido a perda de sustenta\u00e7\u00e3o dos tecidos. A a\u00e7\u00e3o preventiva \u00e9 a melhor conduta a ser tomada, assim ao efetuar o gerenciamento do envelhecimento a apar\u00eancia\u00a0ser\u00e1\u00a0bem mais jovem ao longo do anos promovendo o\u00a0aumento da autoestima e a harmonia facial. Esta preven\u00e7\u00e3o engloba desde uma \u00f3tima alimenta\u00e7\u00e3o, beber muita \u00e1gua, ingerir suplementos (se necess\u00e1rio), equil\u00edbrio\u00a0nos n\u00edveis\u00a0hormonais, al\u00e9m dos procedimentos da HOF como : peeling, microagulhamento, preenchedores, fios de sustenta\u00e7\u00e3o, bioestimuladores, mesoterapia, fototerapia, radiofrequ\u00eancia, aparelho Ultraformer, entre outros.[\/vc_column_text][\/vc_column_inner][\/vc_row_inner][\/vc_column][\/vc_row][vc_row][vc_column][vc_column_text el_class=&#8221;bigP&#8221;]<\/p>\n<h1 style=\"text-align: center;\"><strong><span style=\"color: #e54242;\">Agende uma avalia\u00e7\u00e3o! Ligue (11)4437-1818<\/span><\/strong><\/h1>\n<p style=\"text-align: center;\">Ou se preferir, fale conosco atrav\u00e9s do WhatsApp clicando no bot\u00e3o ao lado.<\/p>\n<p>[\/vc_column_text][\/vc_column][\/vc_row]<\/p>\n","protected":false},"excerpt":{"rendered":"<p>[vc_row margin_bottom=&#8221;0&#8243; bg_color=&#8221;#fcfcfc&#8221; padding=&#8221;40px 0 0 0&#8243; css=&#8221;.vc_custom_1591306450451{margin-bottom: 0px !important;padding-top: 40px !important;padding-right: 0px !important;padding-bottom: 0px !important;padding-left: 0px !important;}&#8221;][vc_column][vc_column_text el_class=&#8221;bigP&#8221;] HARMONIZA\u00c7\u00c3O OROFACIAL [\/vc_column_text][\/vc_column][\/vc_row][vc_row equal_height=&#8221;yes&#8221; margin_bottom=&#8221;40px&#8221; css=&#8221;.vc_custom_1591315985493{margin-bottom: 40px !important;}&#8221;][vc_column][vc_column_text el_class=&#8221;titleBorder&#8221;] BENEF\u00cdCIOS DO TRATAMENTO [\/vc_column_text][vc_row_inner][vc_column_inner][vc_column_text el_class=&#8221;bigP&#8221;]A Harmoniza\u00e7\u00e3o Orofacial\u00a0 (HOF) \u00e9 um\u00a0conjunto de procedimentos realizados pelo cirurgi\u00e3o-dentista\u00a0em sua \u00e1rea de atua\u00e7\u00e3o, respons\u00e1veis pelo equil\u00edbrio est\u00e9tico e funcional da face. Temos que entender que o envelhecimento facial \u00e9 influenciado por diversos\u00a0fatores tais como: a a\u00e7\u00e3o da for\u00e7a da gravidade na pele, exposi\u00e7\u00e3o\u00a0aos raios ultravioleta, reabsor\u00e7\u00e3o dos ossos, diminui\u00e7\u00e3o e alongamento dos m\u00fasculos, diminui\u00e7\u00e3o e deslocamento [&hellip;]<\/p>\n","protected":false},"author":1,"featured_media":0,"parent":0,"menu_order":0,"comment_status":"closed","ping_status":"closed","template":"home-template.php","meta":{"_monsterinsights_skip_tracking":false,"_monsterinsights_sitenote_active":false,"_monsterinsights_sitenote_note":"","_monsterinsights_sitenote_category":0,"footnotes":""},"class_list":["post-2172","page","type-page","status-publish","hentry"],"_links":{"self":[{"href":"https:\/\/clinicaclam.com.br\/index.php\/wp-json\/wp\/v2\/pages\/2172","targetHints":{"allow":["GET"]}}],"collection":[{"href":"https:\/\/clinicaclam.com.br\/index.php\/wp-json\/wp\/v2\/pages"}],"about":[{"href":"https:\/\/clinicaclam.com.br\/index.php\/wp-json\/wp\/v2\/types\/page"}],"author":[{"embeddable":true,"href":"https:\/\/clinicaclam.com.br\/index.php\/wp-json\/wp\/v2\/users\/1"}],"replies":[{"embeddable":true,"href":"https:\/\/clinicaclam.com.br\/index.php\/wp-json\/wp\/v2\/comments?post=2172"}],"version-history":[{"count":2,"href":"https:\/\/clinicaclam.com.br\/index.php\/wp-json\/wp\/v2\/pages\/2172\/revisions"}],"predecessor-version":[{"id":2184,"href":"https:\/\/clinicaclam.com.br\/index.php\/wp-json\/wp\/v2\/pages\/2172\/revisions\/2184"}],"wp:attachment":[{"href":"https:\/\/clinicaclam.com.br\/index.php\/wp-json\/wp\/v2\/media?parent=2172"}],"curies":[{"name":"wp","href":"https:\/\/api.w.org\/{rel}","templated":true}]}}