{"id":1804,"date":"2020-08-28T23:33:46","date_gmt":"2020-08-28T23:33:46","guid":{"rendered":"http:\/\/clinicaclam.com.br\/?page_id=1804"},"modified":"2021-04-09T00:40:10","modified_gmt":"2021-04-09T00:40:10","slug":"facetas-laminadas","status":"publish","type":"page","link":"https:\/\/clinicaclam.com.br\/index.php\/facetas-laminadas\/","title":{"rendered":"Facetas Laminadas"},"content":{"rendered":"<p>[vc_row margin_bottom=&#8221;0&#8243; bg_color=&#8221;#fcfcfc&#8221; padding=&#8221;40px 0 0 0&#8243; css=&#8221;.vc_custom_1591306450451{margin-bottom: 0px !important;padding-top: 40px !important;padding-right: 0px !important;padding-bottom: 0px !important;padding-left: 0px !important;}&#8221;][vc_column][vc_column_text el_class=&#8221;bigP&#8221;]<\/p>\n<h1 style=\"text-align: center;\">FACETAS LAMINADAS<\/h1>\n<p style=\"text-align: center;\"><img loading=\"lazy\" decoding=\"async\" class=\"wp-image-1039 size-full aligncenter\" style=\"margin-top: 30px;\" src=\"https:\/\/clinicaclam.com.br\/wp-content\/uploads\/2020\/06\/facetas-laminadas-1.jpg\" alt=\"\" width=\"1048\" height=\"586\" \/><\/p>\n<p>[\/vc_column_text][\/vc_column][\/vc_row][vc_row equal_height=&#8221;yes&#8221; margin_bottom=&#8221;40px&#8221; css=&#8221;.vc_custom_1591315985493{margin-bottom: 40px !important;}&#8221;][vc_column][vc_column_text el_class=&#8221;titleBorder&#8221;]<\/p>\n<h2>BENEF\u00cdCIOS DO TRATAMENTO<\/h2>\n<p>[\/vc_column_text][vc_row_inner][vc_column_inner][vc_column_text el_class=&#8221;bigP&#8221;]<\/p>\n<h2>Como Facetas Laminadas De Porcelana Podem Reconstruir O Sorriso?<\/h2>\n<p>As pessoas com sorriso sadio gostam de exibi-lo, mas sorrir pode ser uma experi\u00eancia dolorosa, emocional e fisicamente, para aquelas com dentes lascados, pigmentados ou tortos. Felizmente, h\u00e1 v\u00e1rias op\u00e7\u00f5es para ajudar a resolver problemas dent\u00e1rios, e uma das mais populares para pacientes mais velhos s\u00e3o as facetas laminadas de porcelana.<\/p>\n<p>&nbsp;<\/p>\n<h2>O que s\u00e3o facetas de porcelana?<\/h2>\n<p>As facetas de porcelana s\u00e3o pequenas pe\u00e7as de porcelana trabalhadas para cobrir a parte frontal dos dentes. Elas s\u00e3o resistentes, parecem naturais e s\u00e3o confeccionadas para reconstruir a forma e a cor dos pr\u00f3prios dentes das pessoas.<\/p>\n<p>Para preparar os dentes para essas facetas, o dentista remover\u00e1 cerca de 1 mil\u00edmetro de esmalte da superf\u00edcie de cada dente. A seguir, ele obter\u00e1 a impress\u00e3o do lado interno da boca, produzir\u00e1 um modelo de gesso e o enviar\u00e1 a um laborat\u00f3rio dent\u00e1rio onde as facetas ser\u00e3o personalizadas por um t\u00e9cnico em pr\u00f3tese dent\u00e1ria.<\/p>\n<p>Quando prontas, o dentista fixar\u00e1 o produto aos dentes com cimento especial.<\/p>\n<p>&nbsp;<\/p>\n<h2>As facetas s\u00e3o uma boa op\u00e7\u00e3o?<\/h2>\n<p>Dentes pigmentados, lascados, cariados ou tortos s\u00e3o bons candidatos para as facetas. Elas tamb\u00e9m s\u00e3o ben\u00e9ficas em situa\u00e7\u00f5es de pequenos espa\u00e7os (disatemas)entre dois dentes, assim como para pequenos problemas relacionados \u00e0 est\u00e9tica e de oclus\u00e3o. Devemos discutir o uso de facetas de porcelana com o dentista. Se elas forem recomendadas a voc\u00ea, voc\u00ea dever\u00e1 fazer parte do processo de desenho. O paciente deve informar ao dentista sobre o que deseja corrigir e o que est\u00e1 buscando em um novo sorriso. Com o uso da t\u00e9cnica por imagens para cosm\u00e9tica, a pessoa poder\u00e1 at\u00e9 ter uma vis\u00e3o antecipada do novo sorriso.<\/p>\n<p>&nbsp;<\/p>\n<h2>Vantagens e desvantagens<\/h2>\n<p>Al\u00e9m de voc\u00ea se beneficiar esteticamente das facetas laminadas, esse \u00e9 um procedimento muito simples e r\u00e1pido. Os materiais usados para preparar essas facetas tamb\u00e9m fornecem resist\u00eancia a manchas de caf\u00e9, ch\u00e1 e de outros alimentos contra as quais os dentes naturais n\u00e3o protegem t\u00e3o facilmente.<\/p>\n<p>Entretanto, uma vez removido o esmalte, o procedimento \u00e9 irrevers\u00edvel. O paciente deve ter em mente que, uma vez cimentada a faceta, a cor n\u00e3o pode ser alterada. A pessoa pode tamb\u00e9m apresentar sensibilidade \u00e0 temperatura por alguns dias. As facetas s\u00e3o resistentes, mas podem ser danificadas pela mastiga\u00e7\u00e3o e por roer unhas; por isso, esses h\u00e1bitos precisam ser eliminados, se existirem.<\/p>\n<p>&nbsp;<\/p>\n<h2>Como cuidar das facetas<\/h2>\n<p>O paciente dever\u00e1 cuidar das novas facetas de porcelana com o mesmo cuidado dedicado aos dentes. A rotina de higiene bucal normal deve ser mantida e aliada ao uso de um creme dental n\u00e3o abrasivo com fl\u00faor. O dentista dever\u00e1 tamb\u00e9m usar um polidor n\u00e3o abrasivo durante as consultas regulares para limpeza. Se voc\u00ea apertar ou ranger os dentes o dentista tamb\u00e9m poder\u00e1 sugerir uma prote\u00e7\u00e3o noturna para proteger as facetas de qualquer dano durante o sono.[\/vc_column_text][\/vc_column_inner][\/vc_row_inner][\/vc_column][\/vc_row][vc_row][vc_column][vc_column_text el_class=&#8221;bigP&#8221;]<\/p>\n<h1 style=\"text-align: center;\"><strong><span style=\"color: #e54242;\">Agende uma avalia\u00e7\u00e3o! Ligue (11)4437-1818<\/span><\/strong><\/h1>\n<p style=\"text-align: center;\">Ou se preferir, fale conosco atrav\u00e9s do WhatsApp clicando no bot\u00e3o ao lado.<\/p>\n<p>[\/vc_column_text][\/vc_column][\/vc_row]<\/p>\n","protected":false},"excerpt":{"rendered":"<p>[vc_row margin_bottom=&#8221;0&#8243; bg_color=&#8221;#fcfcfc&#8221; padding=&#8221;40px 0 0 0&#8243; css=&#8221;.vc_custom_1591306450451{margin-bottom: 0px !important;padding-top: 40px !important;padding-right: 0px !important;padding-bottom: 0px !important;padding-left: 0px !important;}&#8221;][vc_column][vc_column_text el_class=&#8221;bigP&#8221;] FACETAS LAMINADAS [\/vc_column_text][\/vc_column][\/vc_row][vc_row equal_height=&#8221;yes&#8221; margin_bottom=&#8221;40px&#8221; css=&#8221;.vc_custom_1591315985493{margin-bottom: 40px !important;}&#8221;][vc_column][vc_column_text el_class=&#8221;titleBorder&#8221;] BENEF\u00cdCIOS DO TRATAMENTO [\/vc_column_text][vc_row_inner][vc_column_inner][vc_column_text el_class=&#8221;bigP&#8221;] Como Facetas Laminadas De Porcelana Podem Reconstruir O Sorriso? As pessoas com sorriso sadio gostam de exibi-lo, mas sorrir pode ser uma experi\u00eancia dolorosa, emocional e fisicamente, para aquelas com dentes lascados, pigmentados ou tortos. Felizmente, h\u00e1 v\u00e1rias op\u00e7\u00f5es para ajudar a resolver problemas dent\u00e1rios, e uma das mais populares para pacientes mais velhos s\u00e3o as facetas [&hellip;]<\/p>\n","protected":false},"author":1,"featured_media":1808,"parent":0,"menu_order":0,"comment_status":"closed","ping_status":"closed","template":"home-template.php","meta":{"_monsterinsights_skip_tracking":false,"_monsterinsights_sitenote_active":false,"_monsterinsights_sitenote_note":"","_monsterinsights_sitenote_category":0,"footnotes":""},"class_list":["post-1804","page","type-page","status-publish","has-post-thumbnail","hentry"],"_links":{"self":[{"href":"https:\/\/clinicaclam.com.br\/index.php\/wp-json\/wp\/v2\/pages\/1804","targetHints":{"allow":["GET"]}}],"collection":[{"href":"https:\/\/clinicaclam.com.br\/index.php\/wp-json\/wp\/v2\/pages"}],"about":[{"href":"https:\/\/clinicaclam.com.br\/index.php\/wp-json\/wp\/v2\/types\/page"}],"author":[{"embeddable":true,"href":"https:\/\/clinicaclam.com.br\/index.php\/wp-json\/wp\/v2\/users\/1"}],"replies":[{"embeddable":true,"href":"https:\/\/clinicaclam.com.br\/index.php\/wp-json\/wp\/v2\/comments?post=1804"}],"version-history":[{"count":0,"href":"https:\/\/clinicaclam.com.br\/index.php\/wp-json\/wp\/v2\/pages\/1804\/revisions"}],"wp:featuredmedia":[{"embeddable":true,"href":"https:\/\/clinicaclam.com.br\/index.php\/wp-json\/wp\/v2\/media\/1808"}],"wp:attachment":[{"href":"https:\/\/clinicaclam.com.br\/index.php\/wp-json\/wp\/v2\/media?parent=1804"}],"curies":[{"name":"wp","href":"https:\/\/api.w.org\/{rel}","templated":true}]}}