{"id":1722,"date":"2020-08-28T02:38:18","date_gmt":"2020-08-28T02:38:18","guid":{"rendered":"http:\/\/clinicaclam.com.br\/?page_id=1722"},"modified":"2021-02-18T22:39:23","modified_gmt":"2021-02-18T22:39:23","slug":"preenchimento","status":"publish","type":"page","link":"https:\/\/clinicaclam.com.br\/index.php\/preenchimento\/","title":{"rendered":"Preenchimento"},"content":{"rendered":"<p>[vc_row margin_bottom=&#8221;0&#8243; bg_color=&#8221;#fcfcfc&#8221; padding=&#8221;40px 0 0 0&#8243; css=&#8221;.vc_custom_1591306450451{margin-bottom: 0px !important;padding-top: 40px !important;padding-right: 0px !important;padding-bottom: 0px !important;padding-left: 0px !important;}&#8221;][vc_column][vc_column_text el_class=&#8221;bigP&#8221;]<\/p>\n<h1 style=\"text-align: center;\">PREENCHIMENTO<\/h1>\n<p style=\"text-align: center;\"><img loading=\"lazy\" decoding=\"async\" class=\"wp-image-1039 size-full aligncenter\" style=\"margin-top: 30px;\" src=\"https:\/\/clinicaclam.com.br\/wp-content\/uploads\/2020\/06\/preenchimento-2.jpg\" alt=\"\" width=\"1048\" height=\"586\" \/><\/p>\n<p>[\/vc_column_text][\/vc_column][\/vc_row][vc_row equal_height=&#8221;yes&#8221; margin_bottom=&#8221;40px&#8221; css=&#8221;.vc_custom_1591315985493{margin-bottom: 40px !important;}&#8221;][vc_column][vc_column_text el_class=&#8221;titleBorder&#8221;]<\/p>\n<h2>BENEF\u00cdCIOS<\/h2>\n<p>[\/vc_column_text][vc_row_inner][vc_column_inner][vc_column_text el_class=&#8221;bigP&#8221;]<\/p>\n<div>\u00c9 um \u00f3timo procedimento para o rejuvenescimento. De forma muito r\u00e1pida, um sulco, uma depress\u00e3o no rosto ou um l\u00e1bio pode ser melhorado atrav\u00e9s dessa t\u00e9cnica.<\/div>\n<div>Um dos melhores e o mais seguro produto para o preenchimento facial \u00e9 o\u00a0\u00e1cido hialur\u00f4nico, que \u00e9 uma subst\u00e2ncia produzida naturalmente pelo nosso organismo e est\u00e1 presente principalmente na pele. Tem como\u00a0fun\u00e7\u00e3o reter \u00e1gua, conferindo hidrata\u00e7\u00e3o e volume. Gradualmente, com o passar do tempo e o processo natural de envelhecimento, o \u00e1cido hialur\u00f4nico se degrada e o organismo diminui sua capacidade de produ\u00e7\u00e3o. O resultado \u00e9 a perda de volume, de contorno e o aparecimento de rugas. o\u00a0preenchimento\u00a0\u00e9 utilizado para o aumento de volume ou corre\u00e7\u00e3o de contornos.<\/div>\n<p>[\/vc_column_text][\/vc_column_inner][\/vc_row_inner][\/vc_column][\/vc_row][vc_row][vc_column][vc_column_text el_class=&#8221;bigP&#8221;]<\/p>\n<h1 style=\"text-align: center;\"><strong><span style=\"color: #e54242;\">Agende uma avalia\u00e7\u00e3o agora! Ligue 4437-1818<\/span><\/strong><\/h1>\n<p style=\"text-align: center;\">Ou se preferir, deixe seus dados abaixo e n\u00f3s entraremos em contato!<\/p>\n<p>[\/vc_column_text]\n<div class=\"wpcf7 no-js\" id=\"wpcf7-f112-o1\" lang=\"en-US\" dir=\"ltr\" data-wpcf7-id=\"112\">\n<div class=\"screen-reader-response\"><p role=\"status\" aria-live=\"polite\" aria-atomic=\"true\"><\/p> <ul><\/ul><\/div>\n<form action=\"\/index.php\/wp-json\/wp\/v2\/pages\/1722#wpcf7-f112-o1\" method=\"post\" class=\"wpcf7-form init\" aria-label=\"Contact form\" novalidate=\"novalidate\" data-status=\"init\">\n<div style=\"display: none;\">\n<input type=\"hidden\" name=\"_wpcf7\" value=\"112\" \/>\n<input type=\"hidden\" name=\"_wpcf7_version\" value=\"6.0.6\" \/>\n<input type=\"hidden\" name=\"_wpcf7_locale\" value=\"en_US\" \/>\n<input type=\"hidden\" name=\"_wpcf7_unit_tag\" value=\"wpcf7-f112-o1\" \/>\n<input type=\"hidden\" name=\"_wpcf7_container_post\" value=\"0\" \/>\n<input type=\"hidden\" name=\"_wpcf7_posted_data_hash\" value=\"\" \/>\n<\/div>\n<div class=\"container\">\n\t<div class=\"row\">\n\t\t<div class=\"col-md-6\">\n\t\t\t<p><span class=\"wpcf7-form-control-wrap\" data-name=\"FName\"><input size=\"40\" maxlength=\"400\" class=\"wpcf7-form-control wpcf7-text wpcf7-validates-as-required medicom-forms\" aria-required=\"true\" aria-invalid=\"false\" placeholder=\"Nome\" value=\"\" type=\"text\" name=\"FName\" \/><\/span>\n\t\t\t<\/p>\n\t\t<\/div>\n\t\t<div class=\"col-md-6\">\n\t\t\t<p><span class=\"wpcf7-form-control-wrap\" data-name=\"LName\"><input size=\"40\" maxlength=\"400\" class=\"wpcf7-form-control wpcf7-text wpcf7-validates-as-required medicom-forms\" aria-required=\"true\" aria-invalid=\"false\" placeholder=\"Sobrenome\" value=\"\" type=\"text\" name=\"LName\" \/><\/span>\n\t\t\t<\/p>\n\t\t<\/div>\n\t<\/div>\n\t<div class=\"row\">\n\t\t<div class=\"col-md-6\">\n\t\t\t<p><span class=\"wpcf7-form-control-wrap\" data-name=\"email-656\"><input size=\"40\" maxlength=\"400\" class=\"wpcf7-form-control wpcf7-email wpcf7-text wpcf7-validates-as-email medicom-forms\" aria-invalid=\"false\" placeholder=\"E-mail\" value=\"\" type=\"email\" name=\"email-656\" \/><\/span>\n\t\t\t<\/p>\n\t\t<\/div>\n\t\t<div class=\"col-md-6\">\n\t\t\t<p><span class=\"wpcf7-form-control-wrap\" data-name=\"Phone\"><input size=\"40\" maxlength=\"400\" class=\"wpcf7-form-control wpcf7-tel wpcf7-text wpcf7-validates-as-tel medicom-forms\" aria-invalid=\"false\" placeholder=\"Telefone\" value=\"\" type=\"tel\" name=\"Phone\" \/><\/span>\n\t\t\t<\/p>\n\t\t<\/div>\n\t<\/div>\n\t<div class=\"row\">\n\t<\/div>\n\t<div class=\"row\">\n\t\t<div class=\"col-md-12\">\n\t\t\t<p><span class=\"wpcf7-form-control-wrap\" data-name=\"Message\"><textarea cols=\"40\" rows=\"10\" maxlength=\"2000\" class=\"wpcf7-form-control wpcf7-textarea medicom-forms\" aria-invalid=\"false\" placeholder=\"Mensagem\" name=\"Message\"><\/textarea><\/span>\n\t\t\t<\/p>\n\t\t<\/div>\n\t<\/div>\n\t<div class=\"row\">\n\t\t<div class=\"col-md-12\">\n\t\t\t<p><input class=\"wpcf7-form-control wpcf7-submit has-spinner buton b_asset buton-2 buton-mini\" type=\"submit\" value=\"Enviar\" \/>\n\t\t\t<\/p>\n\t\t<\/div>\n\t<\/div>\n<\/div><div class=\"wpcf7-response-output\" aria-hidden=\"true\"><\/div>\n<\/form>\n<\/div>\n[\/vc_column][\/vc_row]<\/p>\n","protected":false},"excerpt":{"rendered":"<p>[vc_row margin_bottom=&#8221;0&#8243; bg_color=&#8221;#fcfcfc&#8221; padding=&#8221;40px 0 0 0&#8243; css=&#8221;.vc_custom_1591306450451{margin-bottom: 0px !important;padding-top: 40px !important;padding-right: 0px !important;padding-bottom: 0px !important;padding-left: 0px !important;}&#8221;][vc_column][vc_column_text el_class=&#8221;bigP&#8221;] PREENCHIMENTO [\/vc_column_text][\/vc_column][\/vc_row][vc_row equal_height=&#8221;yes&#8221; margin_bottom=&#8221;40px&#8221; css=&#8221;.vc_custom_1591315985493{margin-bottom: 40px !important;}&#8221;][vc_column][vc_column_text el_class=&#8221;titleBorder&#8221;] BENEF\u00cdCIOS [\/vc_column_text][vc_row_inner][vc_column_inner][vc_column_text el_class=&#8221;bigP&#8221;] \u00c9 um \u00f3timo procedimento para o rejuvenescimento. De forma muito r\u00e1pida, um sulco, uma depress\u00e3o no rosto ou um l\u00e1bio pode ser melhorado atrav\u00e9s dessa t\u00e9cnica. Um dos melhores e o mais seguro produto para o preenchimento facial \u00e9 o\u00a0\u00e1cido hialur\u00f4nico, que \u00e9 uma subst\u00e2ncia produzida naturalmente pelo nosso organismo e est\u00e1 presente principalmente na pele. Tem como\u00a0fun\u00e7\u00e3o reter \u00e1gua, [&hellip;]<\/p>\n","protected":false},"author":1,"featured_media":1747,"parent":0,"menu_order":0,"comment_status":"closed","ping_status":"closed","template":"home-template.php","meta":{"_monsterinsights_skip_tracking":false,"_monsterinsights_sitenote_active":false,"_monsterinsights_sitenote_note":"","_monsterinsights_sitenote_category":0,"footnotes":""},"class_list":["post-1722","page","type-page","status-publish","has-post-thumbnail","hentry"],"_links":{"self":[{"href":"https:\/\/clinicaclam.com.br\/index.php\/wp-json\/wp\/v2\/pages\/1722","targetHints":{"allow":["GET"]}}],"collection":[{"href":"https:\/\/clinicaclam.com.br\/index.php\/wp-json\/wp\/v2\/pages"}],"about":[{"href":"https:\/\/clinicaclam.com.br\/index.php\/wp-json\/wp\/v2\/types\/page"}],"author":[{"embeddable":true,"href":"https:\/\/clinicaclam.com.br\/index.php\/wp-json\/wp\/v2\/users\/1"}],"replies":[{"embeddable":true,"href":"https:\/\/clinicaclam.com.br\/index.php\/wp-json\/wp\/v2\/comments?post=1722"}],"version-history":[{"count":0,"href":"https:\/\/clinicaclam.com.br\/index.php\/wp-json\/wp\/v2\/pages\/1722\/revisions"}],"wp:featuredmedia":[{"embeddable":true,"href":"https:\/\/clinicaclam.com.br\/index.php\/wp-json\/wp\/v2\/media\/1747"}],"wp:attachment":[{"href":"https:\/\/clinicaclam.com.br\/index.php\/wp-json\/wp\/v2\/media?parent=1722"}],"curies":[{"name":"wp","href":"https:\/\/api.w.org\/{rel}","templated":true}]}}