{"id":1720,"date":"2020-08-28T02:37:49","date_gmt":"2020-08-28T02:37:49","guid":{"rendered":"http:\/\/clinicaclam.com.br\/?page_id=1720"},"modified":"2021-02-18T22:38:07","modified_gmt":"2021-02-18T22:38:07","slug":"micropigmentacao-fio-a-fio","status":"publish","type":"page","link":"https:\/\/clinicaclam.com.br\/index.php\/micropigmentacao-fio-a-fio\/","title":{"rendered":"Micropigmenta\u00e7\u00e3o fio a fio"},"content":{"rendered":"<p>[vc_row margin_bottom=&#8221;0&#8243; bg_color=&#8221;#fcfcfc&#8221; padding=&#8221;40px 0 0 0&#8243; css=&#8221;.vc_custom_1591306450451{margin-bottom: 0px !important;padding-top: 40px !important;padding-right: 0px !important;padding-bottom: 0px !important;padding-left: 0px !important;}&#8221;][vc_column][vc_column_text el_class=&#8221;bigP&#8221;]<\/p>\n<h1 style=\"text-align: center;\">MICROPIGMENTA\u00c7\u00c3O FIO A FIO<\/h1>\n<p style=\"text-align: center;\"><img loading=\"lazy\" decoding=\"async\" class=\"wp-image-1039 size-full aligncenter\" style=\"margin-top: 30px;\" src=\"https:\/\/clinicaclam.com.br\/wp-content\/uploads\/2020\/06\/micropigmentacao-fio-a-fio-1.jpg\" alt=\"\" width=\"1048\" height=\"586\" \/><\/p>\n<p>[\/vc_column_text][\/vc_column][\/vc_row][vc_row equal_height=&#8221;yes&#8221; margin_bottom=&#8221;40px&#8221; css=&#8221;.vc_custom_1591315985493{margin-bottom: 40px !important;}&#8221;][vc_column][vc_column_text el_class=&#8221;titleBorder&#8221;]<\/p>\n<h2>BENEF\u00cdCIOS<\/h2>\n<p>[\/vc_column_text][vc_row_inner][vc_column_inner][vc_column_text el_class=&#8221;bigP&#8221;]Solu\u00e7\u00e3o perfeita para quem deseja sobrancelhas bonitas, bem definidas , sim\u00e9tricas e com aspecto natural, a micropigmenta\u00e7\u00e3o fio a fio vem crescendo como alternativa para pessoas que utilizam l\u00e1pis, sombra ou henna. O principal benef\u00edcio \u00e9, n\u00e3o depender de retoques constantes, tornando o dia-a-dia mais f\u00e1cil e pr\u00e1tico.<\/p>\n<p>&nbsp;<\/p>\n<h3>Entenda o que \u00e9 micropigmenta\u00e7\u00e3o?<\/h3>\n<p>A micropigmenta\u00e7\u00e3o fio a fio \u00e9 um procedimento est\u00e9tico que visa real\u00e7ar o olhar e corrigir imperfei\u00e7\u00f5es, valorizando o rosto e suas express\u00f5es faciais. O procedimento consiste em desenhar fios com a mesma espessura e dire\u00e7\u00e3o dos pelos existentes na sobrancelha, implantando um pigmento na derme atrav\u00e9s de um derm\u00f3grafo ou indutor manual.<\/p>\n<p>&nbsp;<\/p>\n<h3>Como \u00e9 feito?<\/h3>\n<p>Primeiramente \u00e9 realizada uma marca\u00e7\u00e3o com l\u00e1pis, para que seja poss\u00edvel avaliar o resultado final, e ap\u00f3s a aprova\u00e7\u00e3o \u00e9 aplicada uma pomada anest\u00e9sica com a finalidade de reduzir o desconforto. O pigmento \u00e9 inserido na camada superficial da pele atrav\u00e9s de um conjunto de agulhas devidamente esterilizadas, para realiza\u00e7\u00e3o do procedimento.<\/p>\n<p>&nbsp;<\/p>\n<h3>O procedimento \u00e9 definitivo?<\/h3>\n<p>Devido a aplica\u00e7\u00e3o do pigmento ser realizada apenas na camada mais superficial da pele, a micropigmenta\u00e7\u00e3o n\u00e3o \u00e9 um procedimento definitivo, perdendo a colora\u00e7\u00e3o com o tempo. Vale lembrar que n\u00e3o funciona como Henna (que \u00e9 aplicada sobre a pele), com dura\u00e7\u00e3o bastante inferior \u00e0 da micropigmenta\u00e7\u00e3o.\u00a0O resultado do procedimento pode ter dura\u00e7\u00e3o m\u00e9dia de 1 a 2 anos, podendo ser retocado ap\u00f3s o per\u00edodo.<\/p>\n<p>&nbsp;<\/p>\n<h3>Quem pode fazer?<\/h3>\n<p>O procedimento n\u00e3o \u00e9 recomendado para pessoas que possuam algum tipo de alergia ou sensibilidade ao pigmento ou material utilizado durante a micropigmenta\u00e7\u00e3o.<\/p>\n<p>&nbsp;<\/p>\n<h3>Quais cuidados tomar ap\u00f3s o procedimento?<\/h3>\n<p>O processo de cicatriza\u00e7\u00e3o pode durar at\u00e9 30 dias ap\u00f3s a realiza\u00e7\u00e3o do procedimento, \u00e9 necess\u00e1rio evitar qualquer outro tipo de procedimento na regi\u00e3o das sobrancelhas, para garantir o sucesso da micropigmenta\u00e7\u00e3o.<\/p>\n<p>Na cicatriza\u00e7\u00e3o, a pele come\u00e7a a reagir como resposta de prote\u00e7\u00e3o. Em alguns casos, geralmente quando \u00e9 a primeira vez que se faz o procedimento e pelo fato de cada pessoa reagir de maneira particular \u00e0 cicatriza\u00e7\u00e3o de ferimentos, a pele pode n\u00e3o absorver o pigmento totalmente expulsando-o como um mecanismo de prote\u00e7\u00e3o. \u00a0\u00c9 quando se faz necess\u00e1rio o retoque ap\u00f3s o per\u00edodo de cicatriza\u00e7\u00e3o e o profissional pode refor\u00e7ar os pontos onde o pigmento n\u00e3o fixou e contar com uma rea\u00e7\u00e3o menos intensa do nosso organismo, absorvendo melhor o pigmento.<\/p>\n<p>Alguma d\u00favida n\u00e3o foi sanada? Fale conosco atrav\u00e9s do formul\u00e1rio abaixo e tire todas as suas d\u00favidas com uma profissional.[\/vc_column_text][\/vc_column_inner][\/vc_row_inner][\/vc_column][\/vc_row][vc_row][vc_column][vc_column_text el_class=&#8221;bigP&#8221;]<\/p>\n<h1 style=\"text-align: center;\"><strong><span style=\"color: #e54242;\">Agende uma avalia\u00e7\u00e3o agora! Ligue 4437-1818<\/span><\/strong><\/h1>\n<p style=\"text-align: center;\">Ou se preferir, deixe seus dados abaixo e n\u00f3s entraremos em contato!<\/p>\n<p>[\/vc_column_text]\n<div class=\"wpcf7 no-js\" id=\"wpcf7-f112-o1\" lang=\"en-US\" dir=\"ltr\" data-wpcf7-id=\"112\">\n<div class=\"screen-reader-response\"><p role=\"status\" aria-live=\"polite\" aria-atomic=\"true\"><\/p> <ul><\/ul><\/div>\n<form action=\"\/index.php\/wp-json\/wp\/v2\/pages\/1720#wpcf7-f112-o1\" method=\"post\" class=\"wpcf7-form init\" aria-label=\"Contact form\" novalidate=\"novalidate\" data-status=\"init\">\n<div style=\"display: none;\">\n<input type=\"hidden\" name=\"_wpcf7\" value=\"112\" \/>\n<input type=\"hidden\" name=\"_wpcf7_version\" value=\"6.0.6\" \/>\n<input type=\"hidden\" name=\"_wpcf7_locale\" value=\"en_US\" \/>\n<input type=\"hidden\" name=\"_wpcf7_unit_tag\" value=\"wpcf7-f112-o1\" \/>\n<input type=\"hidden\" name=\"_wpcf7_container_post\" value=\"0\" \/>\n<input type=\"hidden\" name=\"_wpcf7_posted_data_hash\" value=\"\" \/>\n<\/div>\n<div class=\"container\">\n\t<div class=\"row\">\n\t\t<div class=\"col-md-6\">\n\t\t\t<p><span class=\"wpcf7-form-control-wrap\" data-name=\"FName\"><input size=\"40\" maxlength=\"400\" class=\"wpcf7-form-control wpcf7-text wpcf7-validates-as-required medicom-forms\" aria-required=\"true\" aria-invalid=\"false\" placeholder=\"Nome\" value=\"\" type=\"text\" name=\"FName\" \/><\/span>\n\t\t\t<\/p>\n\t\t<\/div>\n\t\t<div class=\"col-md-6\">\n\t\t\t<p><span class=\"wpcf7-form-control-wrap\" data-name=\"LName\"><input size=\"40\" maxlength=\"400\" class=\"wpcf7-form-control wpcf7-text wpcf7-validates-as-required medicom-forms\" aria-required=\"true\" aria-invalid=\"false\" placeholder=\"Sobrenome\" value=\"\" type=\"text\" name=\"LName\" \/><\/span>\n\t\t\t<\/p>\n\t\t<\/div>\n\t<\/div>\n\t<div class=\"row\">\n\t\t<div class=\"col-md-6\">\n\t\t\t<p><span class=\"wpcf7-form-control-wrap\" data-name=\"email-656\"><input size=\"40\" maxlength=\"400\" class=\"wpcf7-form-control wpcf7-email wpcf7-text wpcf7-validates-as-email medicom-forms\" aria-invalid=\"false\" placeholder=\"E-mail\" value=\"\" type=\"email\" name=\"email-656\" \/><\/span>\n\t\t\t<\/p>\n\t\t<\/div>\n\t\t<div class=\"col-md-6\">\n\t\t\t<p><span class=\"wpcf7-form-control-wrap\" data-name=\"Phone\"><input size=\"40\" maxlength=\"400\" class=\"wpcf7-form-control wpcf7-tel wpcf7-text wpcf7-validates-as-tel medicom-forms\" aria-invalid=\"false\" placeholder=\"Telefone\" value=\"\" type=\"tel\" name=\"Phone\" \/><\/span>\n\t\t\t<\/p>\n\t\t<\/div>\n\t<\/div>\n\t<div class=\"row\">\n\t<\/div>\n\t<div class=\"row\">\n\t\t<div class=\"col-md-12\">\n\t\t\t<p><span class=\"wpcf7-form-control-wrap\" data-name=\"Message\"><textarea cols=\"40\" rows=\"10\" maxlength=\"2000\" class=\"wpcf7-form-control wpcf7-textarea medicom-forms\" aria-invalid=\"false\" placeholder=\"Mensagem\" name=\"Message\"><\/textarea><\/span>\n\t\t\t<\/p>\n\t\t<\/div>\n\t<\/div>\n\t<div class=\"row\">\n\t\t<div class=\"col-md-12\">\n\t\t\t<p><input class=\"wpcf7-form-control wpcf7-submit has-spinner buton b_asset buton-2 buton-mini\" type=\"submit\" value=\"Enviar\" \/>\n\t\t\t<\/p>\n\t\t<\/div>\n\t<\/div>\n<\/div><div class=\"wpcf7-response-output\" aria-hidden=\"true\"><\/div>\n<\/form>\n<\/div>\n[\/vc_column][\/vc_row]<\/p>\n","protected":false},"excerpt":{"rendered":"<p>[vc_row margin_bottom=&#8221;0&#8243; bg_color=&#8221;#fcfcfc&#8221; padding=&#8221;40px 0 0 0&#8243; css=&#8221;.vc_custom_1591306450451{margin-bottom: 0px !important;padding-top: 40px !important;padding-right: 0px !important;padding-bottom: 0px !important;padding-left: 0px !important;}&#8221;][vc_column][vc_column_text el_class=&#8221;bigP&#8221;] MICROPIGMENTA\u00c7\u00c3O FIO A FIO [\/vc_column_text][\/vc_column][\/vc_row][vc_row equal_height=&#8221;yes&#8221; margin_bottom=&#8221;40px&#8221; css=&#8221;.vc_custom_1591315985493{margin-bottom: 40px !important;}&#8221;][vc_column][vc_column_text el_class=&#8221;titleBorder&#8221;] BENEF\u00cdCIOS [\/vc_column_text][vc_row_inner][vc_column_inner][vc_column_text el_class=&#8221;bigP&#8221;]Solu\u00e7\u00e3o perfeita para quem deseja sobrancelhas bonitas, bem definidas , sim\u00e9tricas e com aspecto natural, a micropigmenta\u00e7\u00e3o fio a fio vem crescendo como alternativa para pessoas que utilizam l\u00e1pis, sombra ou henna. O principal benef\u00edcio \u00e9, n\u00e3o depender de retoques constantes, tornando o dia-a-dia mais f\u00e1cil e pr\u00e1tico. &nbsp; Entenda o que \u00e9 micropigmenta\u00e7\u00e3o? A micropigmenta\u00e7\u00e3o fio a [&hellip;]<\/p>\n","protected":false},"author":1,"featured_media":1755,"parent":0,"menu_order":0,"comment_status":"closed","ping_status":"closed","template":"home-template.php","meta":{"_monsterinsights_skip_tracking":false,"_monsterinsights_sitenote_active":false,"_monsterinsights_sitenote_note":"","_monsterinsights_sitenote_category":0,"footnotes":""},"class_list":["post-1720","page","type-page","status-publish","has-post-thumbnail","hentry"],"_links":{"self":[{"href":"https:\/\/clinicaclam.com.br\/index.php\/wp-json\/wp\/v2\/pages\/1720","targetHints":{"allow":["GET"]}}],"collection":[{"href":"https:\/\/clinicaclam.com.br\/index.php\/wp-json\/wp\/v2\/pages"}],"about":[{"href":"https:\/\/clinicaclam.com.br\/index.php\/wp-json\/wp\/v2\/types\/page"}],"author":[{"embeddable":true,"href":"https:\/\/clinicaclam.com.br\/index.php\/wp-json\/wp\/v2\/users\/1"}],"replies":[{"embeddable":true,"href":"https:\/\/clinicaclam.com.br\/index.php\/wp-json\/wp\/v2\/comments?post=1720"}],"version-history":[{"count":0,"href":"https:\/\/clinicaclam.com.br\/index.php\/wp-json\/wp\/v2\/pages\/1720\/revisions"}],"wp:featuredmedia":[{"embeddable":true,"href":"https:\/\/clinicaclam.com.br\/index.php\/wp-json\/wp\/v2\/media\/1755"}],"wp:attachment":[{"href":"https:\/\/clinicaclam.com.br\/index.php\/wp-json\/wp\/v2\/media?parent=1720"}],"curies":[{"name":"wp","href":"https:\/\/api.w.org\/{rel}","templated":true}]}}