{"id":1684,"date":"2020-08-28T01:21:11","date_gmt":"2020-08-28T01:21:11","guid":{"rendered":"http:\/\/clinicaclam.com.br\/?page_id=1684"},"modified":"2021-04-09T04:28:52","modified_gmt":"2021-04-09T04:28:52","slug":"otoplastia","status":"publish","type":"page","link":"https:\/\/clinicaclam.com.br\/index.php\/otoplastia\/","title":{"rendered":"Otoplastia"},"content":{"rendered":"<p>[vc_row margin_bottom=&#8221;0&#8243; bg_color=&#8221;#fcfcfc&#8221; padding=&#8221;40px 0 0 0&#8243; css=&#8221;.vc_custom_1591306450451{margin-bottom: 0px !important;padding-top: 40px !important;padding-right: 0px !important;padding-bottom: 0px !important;padding-left: 0px !important;}&#8221;][vc_column][vc_column_text el_class=&#8221;bigP&#8221;]<\/p>\n<h1 style=\"text-align: center;\">OTOPLASTIA<\/h1>\n<p style=\"text-align: center;\"><img loading=\"lazy\" decoding=\"async\" class=\"wp-image-1039 size-full aligncenter\" style=\"margin-top: 30px;\" src=\"https:\/\/clinicaclam.com.br\/wp-content\/uploads\/2020\/06\/otoplastia-3.jpg\" alt=\"\" width=\"1048\" height=\"586\" \/><\/p>\n<p>[\/vc_column_text][\/vc_column][\/vc_row][vc_row equal_height=&#8221;yes&#8221; margin_bottom=&#8221;40px&#8221; css=&#8221;.vc_custom_1591315985493{margin-bottom: 40px !important;}&#8221;][vc_column][vc_column_text el_class=&#8221;titleBorder&#8221;]<\/p>\n<h2>BENEF\u00cdCIOS<\/h2>\n<p>[\/vc_column_text][vc_row_inner][vc_column_inner][vc_column_text el_class=&#8221;bigP&#8221;]A cirurgia pl\u00e1stica das orelhas \u00e9 indicada nos casos de orelhas protrusas, as chamadas orelhas em abano. Geralmente \u00e9 realizada na inf\u00e2ncia ou mesmo na adolesc\u00eancia, \u00e9poca na qual brincadeiras a respeito desta deformidade podem trazer um grande preju\u00edzo psicol\u00f3gico ao indiv\u00edduo. Adultos tamb\u00e9m podem se beneficiar desta cirurgia, melhorando sua estima pessoal e trazendo maior liberdade quanto ao estilo de cabelo a ser usado.<\/p>\n<p>Pode ser realizada com anestesia local em ambiente ambulatorial. Em determinados casos tamb\u00e9m pode ser usada a seda\u00e7\u00e3o ou mesmo anestesia geral. A incis\u00e3o \u00e9 feita na parte posterior do pavilh\u00e3o auricular, portanto a cicatriz \u00e9 inaparente.<\/p>\n<p>Utiliza-se um curativo em toda a cabe\u00e7a por um per\u00edodo de 2 a 3 dias e uma faixa de prote\u00e7\u00e3o deve ser usada ap\u00f3s a retirada do curativo por aproximadamente 2 semanas.[\/vc_column_text][\/vc_column_inner][\/vc_row_inner][\/vc_column][\/vc_row][vc_row][vc_column][vc_column_text el_class=&#8221;bigP&#8221;]<\/p>\n<h1 style=\"text-align: center;\"><strong><span style=\"color: #e54242;\">Agende uma avalia\u00e7\u00e3o! Ligue (11)4437-1818<\/span><\/strong><\/h1>\n<p style=\"text-align: center;\">Ou se preferir, fale conosco atrav\u00e9s do WhatsApp clicando no bot\u00e3o ao lado.<\/p>\n<p>[\/vc_column_text][\/vc_column][\/vc_row]<\/p>\n","protected":false},"excerpt":{"rendered":"<p>[vc_row margin_bottom=&#8221;0&#8243; bg_color=&#8221;#fcfcfc&#8221; padding=&#8221;40px 0 0 0&#8243; css=&#8221;.vc_custom_1591306450451{margin-bottom: 0px !important;padding-top: 40px !important;padding-right: 0px !important;padding-bottom: 0px !important;padding-left: 0px !important;}&#8221;][vc_column][vc_column_text el_class=&#8221;bigP&#8221;] OTOPLASTIA [\/vc_column_text][\/vc_column][\/vc_row][vc_row equal_height=&#8221;yes&#8221; margin_bottom=&#8221;40px&#8221; css=&#8221;.vc_custom_1591315985493{margin-bottom: 40px !important;}&#8221;][vc_column][vc_column_text el_class=&#8221;titleBorder&#8221;] BENEF\u00cdCIOS [\/vc_column_text][vc_row_inner][vc_column_inner][vc_column_text el_class=&#8221;bigP&#8221;]A cirurgia pl\u00e1stica das orelhas \u00e9 indicada nos casos de orelhas protrusas, as chamadas orelhas em abano. Geralmente \u00e9 realizada na inf\u00e2ncia ou mesmo na adolesc\u00eancia, \u00e9poca na qual brincadeiras a respeito desta deformidade podem trazer um grande preju\u00edzo psicol\u00f3gico ao indiv\u00edduo. Adultos tamb\u00e9m podem se beneficiar desta cirurgia, melhorando sua estima pessoal e trazendo maior liberdade quanto ao estilo de [&hellip;]<\/p>\n","protected":false},"author":1,"featured_media":1689,"parent":0,"menu_order":0,"comment_status":"closed","ping_status":"closed","template":"home-template.php","meta":{"_monsterinsights_skip_tracking":false,"_monsterinsights_sitenote_active":false,"_monsterinsights_sitenote_note":"","_monsterinsights_sitenote_category":0,"footnotes":""},"class_list":["post-1684","page","type-page","status-publish","has-post-thumbnail","hentry"],"_links":{"self":[{"href":"https:\/\/clinicaclam.com.br\/index.php\/wp-json\/wp\/v2\/pages\/1684","targetHints":{"allow":["GET"]}}],"collection":[{"href":"https:\/\/clinicaclam.com.br\/index.php\/wp-json\/wp\/v2\/pages"}],"about":[{"href":"https:\/\/clinicaclam.com.br\/index.php\/wp-json\/wp\/v2\/types\/page"}],"author":[{"embeddable":true,"href":"https:\/\/clinicaclam.com.br\/index.php\/wp-json\/wp\/v2\/users\/1"}],"replies":[{"embeddable":true,"href":"https:\/\/clinicaclam.com.br\/index.php\/wp-json\/wp\/v2\/comments?post=1684"}],"version-history":[{"count":0,"href":"https:\/\/clinicaclam.com.br\/index.php\/wp-json\/wp\/v2\/pages\/1684\/revisions"}],"wp:featuredmedia":[{"embeddable":true,"href":"https:\/\/clinicaclam.com.br\/index.php\/wp-json\/wp\/v2\/media\/1689"}],"wp:attachment":[{"href":"https:\/\/clinicaclam.com.br\/index.php\/wp-json\/wp\/v2\/media?parent=1684"}],"curies":[{"name":"wp","href":"https:\/\/api.w.org\/{rel}","templated":true}]}}