{"id":1680,"date":"2020-08-28T01:18:42","date_gmt":"2020-08-28T01:18:42","guid":{"rendered":"http:\/\/clinicaclam.com.br\/?page_id=1680"},"modified":"2021-04-09T04:27:02","modified_gmt":"2021-04-09T04:27:02","slug":"cirurgia-intima","status":"publish","type":"page","link":"https:\/\/clinicaclam.com.br\/index.php\/cirurgia-intima\/","title":{"rendered":"Cirurgia \u00edntima"},"content":{"rendered":"<p>[vc_row margin_bottom=&#8221;0&#8243; bg_color=&#8221;#fcfcfc&#8221; padding=&#8221;40px 0 0 0&#8243; css=&#8221;.vc_custom_1591306450451{margin-bottom: 0px !important;padding-top: 40px !important;padding-right: 0px !important;padding-bottom: 0px !important;padding-left: 0px !important;}&#8221;][vc_column][vc_column_text el_class=&#8221;bigP&#8221;]<\/p>\n<h1 style=\"text-align: center;\">CIRURGIA \u00cdNTIMA<\/h1>\n<p style=\"text-align: center;\"><img loading=\"lazy\" decoding=\"async\" class=\"wp-image-1039 size-full aligncenter\" style=\"margin-top: 30px;\" src=\"https:\/\/clinicaclam.com.br\/wp-content\/uploads\/2020\/06\/cirurgia-intima-2.jpg\" alt=\"\" width=\"1048\" height=\"586\" \/><\/p>\n<p>[\/vc_column_text][\/vc_column][\/vc_row][vc_row equal_height=&#8221;yes&#8221; margin_bottom=&#8221;40px&#8221; css=&#8221;.vc_custom_1591315985493{margin-bottom: 40px !important;}&#8221;][vc_column][vc_column_text el_class=&#8221;titleBorder&#8221;]<\/p>\n<h2>BENEF\u00cdCIOS<\/h2>\n<p>[\/vc_column_text][vc_row_inner][vc_column_inner][vc_column_text el_class=&#8221;bigP&#8221;]<strong>Nomenclatura<\/strong>: Cirurgia \u00edntima | Ninfoplastia | Labioplastia \u00a0| Pl\u00e1stica vaginal<br \/>\n<strong>Regi\u00e3o do corpo:<\/strong>\u00a0Vaginal<br \/>\n<strong>Idade recomendada:<\/strong>\u00a0A partir dos 18 anos<br \/>\n<strong>Anestesia:<\/strong>\u00a0Local, Raquidiana ou peridural<br \/>\n<strong>Dura\u00e7\u00e3o da cirurgia:<\/strong>\u00a01h at\u00e9 2h<br \/>\n<strong>Interna\u00e7\u00e3o:<\/strong>\u00a0Alta no mesmo dia<br \/>\n<strong>Cicatriz:<\/strong>\u00a0De grau leve<br \/>\n<strong>Contra indica\u00e7\u00e3o:<\/strong>\u00a0\u00d3rg\u00e3o ainda em forma\u00e7\u00e3o<br \/>\n<strong>Tempo de recupera\u00e7\u00e3o:\u00a0<\/strong>2 a 4 semanas<br \/>\n<strong>\u00a0<\/strong><\/p>\n<p><strong>Procedimento<\/strong><\/p>\n<p>A interven\u00e7\u00e3o e t\u00e9cnica as serem utilizadas variam de acordo com a regi\u00e3o a ser operada, sendo mais comuns a ninfoplastica, ou cirurgia para redu\u00e7\u00e3o dos pequenos l\u00e1bios e, a lipoaspira\u00e7\u00e3o na regi\u00e3o do monte de V\u00eanus\/pubiana, onde o aspecto volumoso \u00e9 retirado.<\/p>\n<p>O principal objetivo desse tipo de cirurgia \u00e9 solucionar o inc\u00f4modo ou desconforto que muitas mulheres sentem com a apar\u00eancia \u00edntima. Aproximar as expectativas da realidade e proporcionar harmonia est\u00e9tica \u00e9 o nosso foco.[\/vc_column_text][\/vc_column_inner][\/vc_row_inner][\/vc_column][\/vc_row][vc_row][vc_column][vc_column_text el_class=&#8221;bigP&#8221;]<\/p>\n<h1 style=\"text-align: center;\"><strong><span style=\"color: #e54242;\">Agende uma avalia\u00e7\u00e3o! Ligue (11)4437-1818<\/span><\/strong><\/h1>\n<p style=\"text-align: center;\">Ou se preferir, fale conosco atrav\u00e9s do WhatsApp clicando no bot\u00e3o ao lado.<\/p>\n<p>[\/vc_column_text][\/vc_column][\/vc_row]<\/p>\n","protected":false},"excerpt":{"rendered":"<p>[vc_row margin_bottom=&#8221;0&#8243; bg_color=&#8221;#fcfcfc&#8221; padding=&#8221;40px 0 0 0&#8243; css=&#8221;.vc_custom_1591306450451{margin-bottom: 0px !important;padding-top: 40px !important;padding-right: 0px !important;padding-bottom: 0px !important;padding-left: 0px !important;}&#8221;][vc_column][vc_column_text el_class=&#8221;bigP&#8221;] CIRURGIA \u00cdNTIMA [\/vc_column_text][\/vc_column][\/vc_row][vc_row equal_height=&#8221;yes&#8221; margin_bottom=&#8221;40px&#8221; css=&#8221;.vc_custom_1591315985493{margin-bottom: 40px !important;}&#8221;][vc_column][vc_column_text el_class=&#8221;titleBorder&#8221;] BENEF\u00cdCIOS [\/vc_column_text][vc_row_inner][vc_column_inner][vc_column_text el_class=&#8221;bigP&#8221;]Nomenclatura: Cirurgia \u00edntima | Ninfoplastia | Labioplastia \u00a0| Pl\u00e1stica vaginal Regi\u00e3o do corpo:\u00a0Vaginal Idade recomendada:\u00a0A partir dos 18 anos Anestesia:\u00a0Local, Raquidiana ou peridural Dura\u00e7\u00e3o da cirurgia:\u00a01h at\u00e9 2h Interna\u00e7\u00e3o:\u00a0Alta no mesmo dia Cicatriz:\u00a0De grau leve Contra indica\u00e7\u00e3o:\u00a0\u00d3rg\u00e3o ainda em forma\u00e7\u00e3o Tempo de recupera\u00e7\u00e3o:\u00a02 a 4 semanas \u00a0 Procedimento A interven\u00e7\u00e3o e t\u00e9cnica as serem utilizadas variam de acordo com a [&hellip;]<\/p>\n","protected":false},"author":1,"featured_media":1694,"parent":0,"menu_order":0,"comment_status":"closed","ping_status":"closed","template":"home-template.php","meta":{"_monsterinsights_skip_tracking":false,"_monsterinsights_sitenote_active":false,"_monsterinsights_sitenote_note":"","_monsterinsights_sitenote_category":0,"footnotes":""},"class_list":["post-1680","page","type-page","status-publish","has-post-thumbnail","hentry"],"_links":{"self":[{"href":"https:\/\/clinicaclam.com.br\/index.php\/wp-json\/wp\/v2\/pages\/1680","targetHints":{"allow":["GET"]}}],"collection":[{"href":"https:\/\/clinicaclam.com.br\/index.php\/wp-json\/wp\/v2\/pages"}],"about":[{"href":"https:\/\/clinicaclam.com.br\/index.php\/wp-json\/wp\/v2\/types\/page"}],"author":[{"embeddable":true,"href":"https:\/\/clinicaclam.com.br\/index.php\/wp-json\/wp\/v2\/users\/1"}],"replies":[{"embeddable":true,"href":"https:\/\/clinicaclam.com.br\/index.php\/wp-json\/wp\/v2\/comments?post=1680"}],"version-history":[{"count":0,"href":"https:\/\/clinicaclam.com.br\/index.php\/wp-json\/wp\/v2\/pages\/1680\/revisions"}],"wp:featuredmedia":[{"embeddable":true,"href":"https:\/\/clinicaclam.com.br\/index.php\/wp-json\/wp\/v2\/media\/1694"}],"wp:attachment":[{"href":"https:\/\/clinicaclam.com.br\/index.php\/wp-json\/wp\/v2\/media?parent=1680"}],"curies":[{"name":"wp","href":"https:\/\/api.w.org\/{rel}","templated":true}]}}