{"id":1678,"date":"2020-08-28T01:17:43","date_gmt":"2020-08-28T01:17:43","guid":{"rendered":"http:\/\/clinicaclam.com.br\/?page_id=1678"},"modified":"2021-04-09T04:26:01","modified_gmt":"2021-04-09T04:26:01","slug":"blefaroplastia","status":"publish","type":"page","link":"https:\/\/clinicaclam.com.br\/index.php\/blefaroplastia\/","title":{"rendered":"Blefaroplastia"},"content":{"rendered":"<p>[vc_row margin_bottom=&#8221;0&#8243; bg_color=&#8221;#fcfcfc&#8221; padding=&#8221;40px 0 0 0&#8243; css=&#8221;.vc_custom_1591306450451{margin-bottom: 0px !important;padding-top: 40px !important;padding-right: 0px !important;padding-bottom: 0px !important;padding-left: 0px !important;}&#8221;][vc_column][vc_column_text el_class=&#8221;bigP&#8221;]<\/p>\n<h1 style=\"text-align: center;\">BLEFAROPLASTIA<\/h1>\n<p style=\"text-align: center;\"><img loading=\"lazy\" decoding=\"async\" class=\"wp-image-1039 size-full aligncenter\" style=\"margin-top: 30px;\" src=\"https:\/\/clinicaclam.com.br\/wp-content\/uploads\/2020\/06\/blefaroplastia.jpg\" alt=\"\" width=\"1048\" height=\"586\" \/><\/p>\n<p>[\/vc_column_text][\/vc_column][\/vc_row][vc_row equal_height=&#8221;yes&#8221; margin_bottom=&#8221;40px&#8221; css=&#8221;.vc_custom_1591315985493{margin-bottom: 40px !important;}&#8221;][vc_column][vc_column_text el_class=&#8221;titleBorder&#8221;]<\/p>\n<h2>BENEF\u00cdCIOS<\/h2>\n<p>[\/vc_column_text][vc_row_inner][vc_column_inner][vc_column_text el_class=&#8221;bigP&#8221;]<strong>Nomenclatura<\/strong>: Blefaroplastia | Pl\u00e1stica de p\u00e1lpebra<br \/>\n<strong>Regi\u00e3o do corpo:<\/strong>\u00a0P\u00e1lpebras<br \/>\n<strong>Anestesia:<\/strong>\u00a0Local com seda\u00e7\u00e3o ou geral<br \/>\n<strong>Dura\u00e7\u00e3o da cirurgia:<\/strong>\u00a01 a 2 horas<br \/>\n<strong>Interna\u00e7\u00e3o:<\/strong>\u00a0Alta no mesmo dia<br \/>\n<strong>Cicatriz:<\/strong>\u00a0De grau leve<br \/>\n<strong>Contra indica\u00e7\u00e3o:<\/strong>\u00a0Problemas oculares ou de pele de grau elevado<\/p>\n<p>&nbsp;<\/p>\n<p><strong>Procedimento<\/strong><\/p>\n<p><strong>\u00a0<\/strong>Visa melhorar a est\u00e9tica facial na regi\u00e3o dos olhos atrav\u00e9s da remo\u00e7\u00e3o do excesso de pele ou bolsas de gordura nas p\u00e1lpebras. O procedimento pode ser realizado nas p\u00e1lpebras superiores e inferiores, de forma independente e, ainda associado a outros procedimentos como a eleva\u00e7\u00e3o da cauda do superc\u00edlio, a corre\u00e7\u00e3o de altera\u00e7\u00f5es como a ptose palpebral (queda das p\u00e1lpebras) ou a ritidoplastia (pl\u00e1stica de face\/<em>lifting<\/em>).<\/p>\n<p>&nbsp;<\/p>\n<p>O procedimento realizado na parte superior habitualmente \u00e9 feito atrav\u00e9s de incis\u00f5es no sulco das p\u00e1lpebras, removendo o excesso de pele, bolsas de gordura (medial e lateral) e as vezes de m\u00fasculo. Nas p\u00e1lpebras inferiores \u00e9 poss\u00edvel retirar as bolsas de gordura (media, medial e lateral) via transconjuntival (pela mucosa, dentro das p\u00e1lpebras), n\u00e3o havendo a necessidade de incis\u00f5es, por\u00e9m, sendo necess\u00e1rio retirar excesso de pele e\/ou m\u00fasculo, a incis\u00e3o torna-se indispens\u00e1vel, mas as cicatrizes s\u00e3o de grau leve, sendo pouco percept\u00edveis.<\/p>\n<p>A cirurgia pode ser realizada por indiv\u00edduos de ambos os sexos que apresentem altera\u00e7\u00f5es consideradas inc\u00f4modas; al\u00e9m dos problemas est\u00e9ticos, o excesso de pele nas p\u00e1lpebras pode causar muito incomodo para leitura. A procura por tal procedimento \u00e9 comum a pessoas acima dos 40 anos, ou hereditariedade.<\/p>\n<p>&nbsp;<\/p>\n<p><strong>Recomenda\u00e7\u00f5es | Pr\u00e9-operat\u00f3rio<\/strong><\/p>\n<ul>\n<li>Esclarecimento sobre a incis\u00e3o (caso necess\u00e1rio), e tipo de anestesia<\/li>\n<li>Evitar fumar duas semanas antes da cirurgia e nas duas semanas de p\u00f3s-operat\u00f3rio para n\u00e3o comprometer a cicatriza\u00e7\u00e3o.<\/li>\n<\/ul>\n<ul>\n<li>Levar \u00f3culos escuros<\/li>\n<li>N\u00e3o utilizar maquiagem no dia da cirurgia<\/li>\n<li>Comparecer acompanhado para a interna\u00e7\u00e3o<\/li>\n<\/ul>\n<p>&nbsp;<\/p>\n<p><strong>Recomenda\u00e7\u00f5es | P\u00f3s-operat\u00f3rio<\/strong><\/p>\n<ul>\n<li dir=\"ltr\">Os pontos s\u00e3o retirados entre 5 a 7 dias ap\u00f3s a cirurgia, podendo iniciar atividades leves.<\/li>\n<li dir=\"ltr\">Compressas frias nas primeiras 48h ajudam a diminuir o edema (incha\u00e7o)<\/li>\n<li dir=\"ltr\">O uso de lentes de contato dever\u00e1 ser suspenso por dez dias<\/li>\n<li dir=\"ltr\">Os sinais p\u00f3s-cir\u00fargico (equimoses\/ arroxeamento da pele) dever\u00e3o amenizar consideravelmente em aproximadamente 3 a 4 semanas<\/li>\n<li dir=\"ltr\">A utiliza\u00e7\u00e3o de col\u00edrios e pomadas oft\u00e1lmicas pode ser receitada.<\/li>\n<\/ul>\n<p>[\/vc_column_text][\/vc_column_inner][\/vc_row_inner][\/vc_column][\/vc_row][vc_row][vc_column][vc_column_text el_class=&#8221;bigP&#8221;]<\/p>\n<h1 style=\"text-align: center;\"><strong><span style=\"color: #e54242;\">Agende uma avalia\u00e7\u00e3o! Ligue (11)4437-1818<\/span><\/strong><\/h1>\n<p style=\"text-align: center;\">Ou se preferir, fale conosco atrav\u00e9s do WhatsApp clicando no bot\u00e3o ao lado.<\/p>\n<p>[\/vc_column_text][\/vc_column][\/vc_row]<\/p>\n","protected":false},"excerpt":{"rendered":"<p>[vc_row margin_bottom=&#8221;0&#8243; bg_color=&#8221;#fcfcfc&#8221; padding=&#8221;40px 0 0 0&#8243; css=&#8221;.vc_custom_1591306450451{margin-bottom: 0px !important;padding-top: 40px !important;padding-right: 0px !important;padding-bottom: 0px !important;padding-left: 0px !important;}&#8221;][vc_column][vc_column_text el_class=&#8221;bigP&#8221;] BLEFAROPLASTIA [\/vc_column_text][\/vc_column][\/vc_row][vc_row equal_height=&#8221;yes&#8221; margin_bottom=&#8221;40px&#8221; css=&#8221;.vc_custom_1591315985493{margin-bottom: 40px !important;}&#8221;][vc_column][vc_column_text el_class=&#8221;titleBorder&#8221;] BENEF\u00cdCIOS [\/vc_column_text][vc_row_inner][vc_column_inner][vc_column_text el_class=&#8221;bigP&#8221;]Nomenclatura: Blefaroplastia | Pl\u00e1stica de p\u00e1lpebra Regi\u00e3o do corpo:\u00a0P\u00e1lpebras Anestesia:\u00a0Local com seda\u00e7\u00e3o ou geral Dura\u00e7\u00e3o da cirurgia:\u00a01 a 2 horas Interna\u00e7\u00e3o:\u00a0Alta no mesmo dia Cicatriz:\u00a0De grau leve Contra indica\u00e7\u00e3o:\u00a0Problemas oculares ou de pele de grau elevado &nbsp; Procedimento \u00a0Visa melhorar a est\u00e9tica facial na regi\u00e3o dos olhos atrav\u00e9s da remo\u00e7\u00e3o do excesso de pele ou bolsas de gordura nas p\u00e1lpebras. O [&hellip;]<\/p>\n","protected":false},"author":1,"featured_media":1701,"parent":0,"menu_order":0,"comment_status":"closed","ping_status":"closed","template":"home-template.php","meta":{"_monsterinsights_skip_tracking":false,"_monsterinsights_sitenote_active":false,"_monsterinsights_sitenote_note":"","_monsterinsights_sitenote_category":0,"footnotes":""},"class_list":["post-1678","page","type-page","status-publish","has-post-thumbnail","hentry"],"_links":{"self":[{"href":"https:\/\/clinicaclam.com.br\/index.php\/wp-json\/wp\/v2\/pages\/1678","targetHints":{"allow":["GET"]}}],"collection":[{"href":"https:\/\/clinicaclam.com.br\/index.php\/wp-json\/wp\/v2\/pages"}],"about":[{"href":"https:\/\/clinicaclam.com.br\/index.php\/wp-json\/wp\/v2\/types\/page"}],"author":[{"embeddable":true,"href":"https:\/\/clinicaclam.com.br\/index.php\/wp-json\/wp\/v2\/users\/1"}],"replies":[{"embeddable":true,"href":"https:\/\/clinicaclam.com.br\/index.php\/wp-json\/wp\/v2\/comments?post=1678"}],"version-history":[{"count":0,"href":"https:\/\/clinicaclam.com.br\/index.php\/wp-json\/wp\/v2\/pages\/1678\/revisions"}],"wp:featuredmedia":[{"embeddable":true,"href":"https:\/\/clinicaclam.com.br\/index.php\/wp-json\/wp\/v2\/media\/1701"}],"wp:attachment":[{"href":"https:\/\/clinicaclam.com.br\/index.php\/wp-json\/wp\/v2\/media?parent=1678"}],"curies":[{"name":"wp","href":"https:\/\/api.w.org\/{rel}","templated":true}]}}