{"id":1646,"date":"2020-08-20T23:13:55","date_gmt":"2020-08-20T23:13:55","guid":{"rendered":"http:\/\/clinicaclam.com.br\/?page_id=1646"},"modified":"2021-04-09T04:24:58","modified_gmt":"2021-04-09T04:24:58","slug":"proteses-dentarias","status":"publish","type":"page","link":"https:\/\/clinicaclam.com.br\/index.php\/proteses-dentarias\/","title":{"rendered":"Pr\u00f3teses dent\u00e1rias"},"content":{"rendered":"<p>[vc_row margin_bottom=&#8221;0&#8243; bg_color=&#8221;#fcfcfc&#8221; padding=&#8221;40px 0 0 0&#8243; css=&#8221;.vc_custom_1591306450451{margin-bottom: 0px !important;padding-top: 40px !important;padding-right: 0px !important;padding-bottom: 0px !important;padding-left: 0px !important;}&#8221;][vc_column][vc_column_text el_class=&#8221;bigP&#8221;]<\/p>\n<h1 style=\"text-align: center;\">PR\u00d3TESES DENT\u00c1RIAS<\/h1>\n<p style=\"text-align: center;\"><img loading=\"lazy\" decoding=\"async\" class=\"wp-image-1039 size-full aligncenter\" style=\"margin-top: 30px;\" src=\"https:\/\/clinicaclam.com.br\/wp-content\/uploads\/2020\/06\/proteses-dentarias-1.jpg\" alt=\"\" width=\"1048\" height=\"586\" \/><\/p>\n<p>[\/vc_column_text][\/vc_column][\/vc_row][vc_row equal_height=&#8221;yes&#8221; margin_bottom=&#8221;40px&#8221; css=&#8221;.vc_custom_1591315985493{margin-bottom: 40px !important;}&#8221;][vc_column][vc_column_text el_class=&#8221;titleBorder&#8221;]<\/p>\n<h2>BENEF\u00cdCIOS DO TRATAMENTO<\/h2>\n<p>[\/vc_column_text][vc_row_inner][vc_column_inner][vc_column_text el_class=&#8221;bigP&#8221;]Esta especialidade efetua a reposi\u00e7\u00e3o de tecidos orais e dentes perdidos, visando restaurar e manter a forma, fun\u00e7\u00e3o, apar\u00eancia e sa\u00fade bucal. O seu principal objetivo \u00e9 a reabilita\u00e7\u00e3o oral, em todas as suas fun\u00e7\u00f5es: est\u00e9tica, fon\u00e9tica e mastiga\u00e7\u00e3o. Rep\u00f5e ou restaura de forma indireta (por meio laboratorial) os (dentes), por meio de confec\u00e7\u00e3o de pr\u00f3teses fixas (coroa sem metal, porcelana e materiais polim\u00e9ricos e pontes), pr\u00f3teses remov\u00edveis (ponte m\u00f3vel) ou pr\u00f3tese total, a popular dentadura. Recentemente encontramos pr\u00f3teses modernas produzidas sobre implantes (overdentures), pr\u00f3teses fixas livres de metal (metalfree) e pr\u00f3teses protocolo. A pr\u00f3tese vem para somar \u00e0s outras especialidades permitindo ao paciente ter uma vida normal resgatando o que foi perdido.[\/vc_column_text][\/vc_column_inner][\/vc_row_inner][\/vc_column][\/vc_row][vc_row][vc_column][vc_column_text el_class=&#8221;bigP&#8221;]<\/p>\n<h1 style=\"text-align: center;\"><strong><span style=\"color: #e54242;\">Agende uma avalia\u00e7\u00e3o! Ligue (11)4437-1818<\/span><\/strong><\/h1>\n<p style=\"text-align: center;\">Ou se preferir, fale conosco atrav\u00e9s do WhatsApp clicando no bot\u00e3o ao lado.<\/p>\n<p>[\/vc_column_text][\/vc_column][\/vc_row]<\/p>\n","protected":false},"excerpt":{"rendered":"<p>[vc_row margin_bottom=&#8221;0&#8243; bg_color=&#8221;#fcfcfc&#8221; padding=&#8221;40px 0 0 0&#8243; css=&#8221;.vc_custom_1591306450451{margin-bottom: 0px !important;padding-top: 40px !important;padding-right: 0px !important;padding-bottom: 0px !important;padding-left: 0px !important;}&#8221;][vc_column][vc_column_text el_class=&#8221;bigP&#8221;] PR\u00d3TESES DENT\u00c1RIAS [\/vc_column_text][\/vc_column][\/vc_row][vc_row equal_height=&#8221;yes&#8221; margin_bottom=&#8221;40px&#8221; css=&#8221;.vc_custom_1591315985493{margin-bottom: 40px !important;}&#8221;][vc_column][vc_column_text el_class=&#8221;titleBorder&#8221;] BENEF\u00cdCIOS DO TRATAMENTO [\/vc_column_text][vc_row_inner][vc_column_inner][vc_column_text el_class=&#8221;bigP&#8221;]Esta especialidade efetua a reposi\u00e7\u00e3o de tecidos orais e dentes perdidos, visando restaurar e manter a forma, fun\u00e7\u00e3o, apar\u00eancia e sa\u00fade bucal. O seu principal objetivo \u00e9 a reabilita\u00e7\u00e3o oral, em todas as suas fun\u00e7\u00f5es: est\u00e9tica, fon\u00e9tica e mastiga\u00e7\u00e3o. Rep\u00f5e ou restaura de forma indireta (por meio laboratorial) os (dentes), por meio de confec\u00e7\u00e3o de pr\u00f3teses fixas (coroa [&hellip;]<\/p>\n","protected":false},"author":1,"featured_media":1677,"parent":0,"menu_order":0,"comment_status":"closed","ping_status":"closed","template":"home-template.php","meta":{"_monsterinsights_skip_tracking":false,"_monsterinsights_sitenote_active":false,"_monsterinsights_sitenote_note":"","_monsterinsights_sitenote_category":0,"footnotes":""},"class_list":["post-1646","page","type-page","status-publish","has-post-thumbnail","hentry"],"_links":{"self":[{"href":"https:\/\/clinicaclam.com.br\/index.php\/wp-json\/wp\/v2\/pages\/1646","targetHints":{"allow":["GET"]}}],"collection":[{"href":"https:\/\/clinicaclam.com.br\/index.php\/wp-json\/wp\/v2\/pages"}],"about":[{"href":"https:\/\/clinicaclam.com.br\/index.php\/wp-json\/wp\/v2\/types\/page"}],"author":[{"embeddable":true,"href":"https:\/\/clinicaclam.com.br\/index.php\/wp-json\/wp\/v2\/users\/1"}],"replies":[{"embeddable":true,"href":"https:\/\/clinicaclam.com.br\/index.php\/wp-json\/wp\/v2\/comments?post=1646"}],"version-history":[{"count":0,"href":"https:\/\/clinicaclam.com.br\/index.php\/wp-json\/wp\/v2\/pages\/1646\/revisions"}],"wp:featuredmedia":[{"embeddable":true,"href":"https:\/\/clinicaclam.com.br\/index.php\/wp-json\/wp\/v2\/media\/1677"}],"wp:attachment":[{"href":"https:\/\/clinicaclam.com.br\/index.php\/wp-json\/wp\/v2\/media?parent=1646"}],"curies":[{"name":"wp","href":"https:\/\/api.w.org\/{rel}","templated":true}]}}