{"id":1642,"date":"2020-08-20T23:12:26","date_gmt":"2020-08-20T23:12:26","guid":{"rendered":"http:\/\/clinicaclam.com.br\/?page_id=1642"},"modified":"2021-04-09T01:02:12","modified_gmt":"2021-04-09T01:02:12","slug":"prevencao","status":"publish","type":"page","link":"https:\/\/clinicaclam.com.br\/index.php\/prevencao\/","title":{"rendered":"Preven\u00e7\u00e3o"},"content":{"rendered":"<p>[vc_row margin_bottom=&#8221;0&#8243; bg_color=&#8221;#fcfcfc&#8221; padding=&#8221;40px 0 0 0&#8243; css=&#8221;.vc_custom_1591306450451{margin-bottom: 0px !important;padding-top: 40px !important;padding-right: 0px !important;padding-bottom: 0px !important;padding-left: 0px !important;}&#8221;][vc_column][vc_column_text el_class=&#8221;bigP&#8221;]<\/p>\n<h1 style=\"text-align: center;\">PREVEN\u00c7\u00c3O<\/h1>\n<p style=\"text-align: center;\"><img loading=\"lazy\" decoding=\"async\" class=\"wp-image-1039 size-full aligncenter\" style=\"margin-top: 30px;\" src=\"https:\/\/clinicaclam.com.br\/wp-content\/uploads\/2020\/06\/prevencao-dentes.jpg\" alt=\"\" width=\"1048\" height=\"586\" \/><\/p>\n<p>[\/vc_column_text][\/vc_column][\/vc_row][vc_row equal_height=&#8221;yes&#8221; margin_bottom=&#8221;40px&#8221; css=&#8221;.vc_custom_1591315985493{margin-bottom: 40px !important;}&#8221;][vc_column][vc_column_text el_class=&#8221;titleBorder&#8221;]<\/p>\n<h2>BENEF\u00cdCIOS DO TRATAMENTO<\/h2>\n<p>[\/vc_column_text][vc_row_inner][vc_column_inner][vc_column_text el_class=&#8221;bigP&#8221;]A preven\u00e7\u00e3o dentro da odontologia engloba v\u00e1rios procedimentos, desde as orienta\u00e7\u00f5es que o cirurgi\u00e3o dentista transmite ao paciente at\u00e9 procedimentos que o profissional pode executar em seu consult\u00f3rio para obter uma sa\u00fade oral adequada. O objetivo da preven\u00e7\u00e3o \u00e9 fazer com que o indiv\u00edduo fique isento de doen\u00e7as na cavidade oral, como a c\u00e1rie (doen\u00e7a infecto-contagiosa bacteriana), periodontite e\/ou gengivite (doen\u00e7a do osso e gengiva que circundam os dentes). As orienta\u00e7\u00f5es que o paciente deve ter \u00e9 efetuar a escova\u00e7\u00e3o adequada, antes da alimenta\u00e7\u00e3o ou ap\u00f3s uma hora, n\u00e3o ingerir, com frequ\u00eancia alimentos com pH \u00e1cido (refrigerantes, doces e etc), ir ao dentista a cada 6 meses para fazer uma profilaxia, aplica\u00e7\u00e3o de fl\u00faor ou mesmo de selante (produto odontol\u00f3gico colocado na superf\u00edcie do dente onde o alimento normalmente fica retido), remo\u00e7\u00e3o de c\u00e1ries, se houver, al\u00e9m de outros\u2026 O in\u00edcio deste processo deve ser efetuado bem precoce, isto \u00e9, desde beb\u00ea como n\u00e3o dar mamadeira com leite associado ao a\u00e7\u00facar, limpar a gengiva da crian\u00e7a com uma fralda molhada em \u00e1gua aferventada ap\u00f3s ter mamado, ou quando j\u00e1 tiver denti\u00e7\u00e3o dec\u00eddua escovar utilizando uma escova especial com pasta sem fl\u00faor. V\u00e1rias manobras podem ser aplicadas para n\u00e3o termos problemas ao longo do tempo, \u00e9 s\u00f3 estarmos sempre associados ao dentista desde pequenos, pois o investimento financeiro inicial ser\u00e1 lucrativo posteriormente.[\/vc_column_text][\/vc_column_inner][\/vc_row_inner][\/vc_column][\/vc_row][vc_row][vc_column][vc_column_text el_class=&#8221;bigP&#8221;]<\/p>\n<h1 style=\"text-align: center;\"><strong><span style=\"color: #e54242;\">Agende uma avalia\u00e7\u00e3o! Ligue (11)4437-1818<\/span><\/strong><\/h1>\n<p style=\"text-align: center;\">Ou se preferir, fale conosco atrav\u00e9s do WhatsApp clicando no bot\u00e3o ao lado.<\/p>\n<p>[\/vc_column_text][\/vc_column][\/vc_row]<\/p>\n","protected":false},"excerpt":{"rendered":"<p>[vc_row margin_bottom=&#8221;0&#8243; bg_color=&#8221;#fcfcfc&#8221; padding=&#8221;40px 0 0 0&#8243; css=&#8221;.vc_custom_1591306450451{margin-bottom: 0px !important;padding-top: 40px !important;padding-right: 0px !important;padding-bottom: 0px !important;padding-left: 0px !important;}&#8221;][vc_column][vc_column_text el_class=&#8221;bigP&#8221;] PREVEN\u00c7\u00c3O [\/vc_column_text][\/vc_column][\/vc_row][vc_row equal_height=&#8221;yes&#8221; margin_bottom=&#8221;40px&#8221; css=&#8221;.vc_custom_1591315985493{margin-bottom: 40px !important;}&#8221;][vc_column][vc_column_text el_class=&#8221;titleBorder&#8221;] BENEF\u00cdCIOS DO TRATAMENTO [\/vc_column_text][vc_row_inner][vc_column_inner][vc_column_text el_class=&#8221;bigP&#8221;]A preven\u00e7\u00e3o dentro da odontologia engloba v\u00e1rios procedimentos, desde as orienta\u00e7\u00f5es que o cirurgi\u00e3o dentista transmite ao paciente at\u00e9 procedimentos que o profissional pode executar em seu consult\u00f3rio para obter uma sa\u00fade oral adequada. O objetivo da preven\u00e7\u00e3o \u00e9 fazer com que o indiv\u00edduo fique isento de doen\u00e7as na cavidade oral, como a c\u00e1rie (doen\u00e7a infecto-contagiosa bacteriana), periodontite e\/ou [&hellip;]<\/p>\n","protected":false},"author":1,"featured_media":1673,"parent":0,"menu_order":0,"comment_status":"closed","ping_status":"closed","template":"home-template.php","meta":{"_monsterinsights_skip_tracking":false,"_monsterinsights_sitenote_active":false,"_monsterinsights_sitenote_note":"","_monsterinsights_sitenote_category":0,"footnotes":""},"class_list":["post-1642","page","type-page","status-publish","has-post-thumbnail","hentry"],"_links":{"self":[{"href":"https:\/\/clinicaclam.com.br\/index.php\/wp-json\/wp\/v2\/pages\/1642","targetHints":{"allow":["GET"]}}],"collection":[{"href":"https:\/\/clinicaclam.com.br\/index.php\/wp-json\/wp\/v2\/pages"}],"about":[{"href":"https:\/\/clinicaclam.com.br\/index.php\/wp-json\/wp\/v2\/types\/page"}],"author":[{"embeddable":true,"href":"https:\/\/clinicaclam.com.br\/index.php\/wp-json\/wp\/v2\/users\/1"}],"replies":[{"embeddable":true,"href":"https:\/\/clinicaclam.com.br\/index.php\/wp-json\/wp\/v2\/comments?post=1642"}],"version-history":[{"count":0,"href":"https:\/\/clinicaclam.com.br\/index.php\/wp-json\/wp\/v2\/pages\/1642\/revisions"}],"wp:featuredmedia":[{"embeddable":true,"href":"https:\/\/clinicaclam.com.br\/index.php\/wp-json\/wp\/v2\/media\/1673"}],"wp:attachment":[{"href":"https:\/\/clinicaclam.com.br\/index.php\/wp-json\/wp\/v2\/media?parent=1642"}],"curies":[{"name":"wp","href":"https:\/\/api.w.org\/{rel}","templated":true}]}}