{"id":1636,"date":"2020-08-20T23:02:13","date_gmt":"2020-08-20T23:02:13","guid":{"rendered":"http:\/\/clinicaclam.com.br\/?page_id=1636"},"modified":"2021-04-09T00:38:14","modified_gmt":"2021-04-09T00:38:14","slug":"endodontia","status":"publish","type":"page","link":"https:\/\/clinicaclam.com.br\/index.php\/endodontia\/","title":{"rendered":"Endodontia"},"content":{"rendered":"<p>[vc_row margin_bottom=&#8221;0&#8243; bg_color=&#8221;#fcfcfc&#8221; padding=&#8221;40px 0 0 0&#8243; css=&#8221;.vc_custom_1591306450451{margin-bottom: 0px !important;padding-top: 40px !important;padding-right: 0px !important;padding-bottom: 0px !important;padding-left: 0px !important;}&#8221;][vc_column][vc_column_text el_class=&#8221;bigP&#8221;]<\/p>\n<h1 style=\"text-align: center;\">ENDODONTIA<\/h1>\n<p style=\"text-align: center;\"><img loading=\"lazy\" decoding=\"async\" class=\"wp-image-1039 size-full aligncenter\" style=\"margin-top: 30px;\" src=\"https:\/\/clinicaclam.com.br\/wp-content\/uploads\/2020\/06\/endodontia-1-1.jpg\" alt=\"Endodontia\" width=\"1048\" height=\"586\" \/><\/p>\n<p>[\/vc_column_text][\/vc_column][\/vc_row][vc_row equal_height=&#8221;yes&#8221; margin_bottom=&#8221;40px&#8221; css=&#8221;.vc_custom_1591315985493{margin-bottom: 40px !important;}&#8221;][vc_column][vc_column_text el_class=&#8221;titleBorder&#8221;]<\/p>\n<h2>BENEF\u00cdCIOS DO TRATAMENTO<\/h2>\n<p>[\/vc_column_text][vc_row_inner][vc_column_inner][vc_column_text el_class=&#8221;bigP&#8221;]A endodontia \u00e9 uma das especialidades odontol\u00f3gicas que previne e cura as enfermidades na polpa dental (tecido mole que situa-se internamente ao dente). Em casos de enfermidade, o tratamento \u00e9 remover este tecido que se encontra infectado (com bact\u00e9rias ou n\u00e3o)\u00a0 substituindo-o por material obturador. O comprometimento do canal de um dente pode ser desde trauma at\u00e9 evolu\u00e7\u00e3o do processo carioso. Quando uma c\u00e1rie evolui demasiadamente acaba envolvendo a polpa do dente e consequentemente ter\u00e1 a raiz infeccionada e tamb\u00e9m os tecidos vizinhos, ocorrendo a contamina\u00e7\u00e3o de bact\u00e9rias na corrente sangu\u00ednea, al\u00e9m de provocar dor, incha\u00e7o, pus e febre. Caso a estrutura do dente, mais pr\u00f3xima a raiz, seja muito destru\u00edda, a maioria dos casos s\u00e3o solucionados com a extra\u00e7\u00e3o do mesmo. O ideal \u00e9 fazer sempre um tratamento preventivo para a c\u00e1rie n\u00e3o evoluir ou melhor nem ser desenvolvida e muito menos ter que tratar o canal.[\/vc_column_text][\/vc_column_inner][\/vc_row_inner][\/vc_column][\/vc_row][vc_row][vc_column][vc_column_text el_class=&#8221;bigP&#8221;]<\/p>\n<h1 style=\"text-align: center;\"><strong><span style=\"color: #e54242;\">Agende uma avalia\u00e7\u00e3o! Ligue (11)4437-1818<\/span><\/strong><\/h1>\n<p style=\"text-align: center;\">Ou se preferir, fale conosco atrav\u00e9s do WhatsApp clicando no bot\u00e3o ao lado.<\/p>\n<p>[\/vc_column_text][\/vc_column][\/vc_row]<\/p>\n","protected":false},"excerpt":{"rendered":"<p>[vc_row margin_bottom=&#8221;0&#8243; bg_color=&#8221;#fcfcfc&#8221; padding=&#8221;40px 0 0 0&#8243; css=&#8221;.vc_custom_1591306450451{margin-bottom: 0px !important;padding-top: 40px !important;padding-right: 0px !important;padding-bottom: 0px !important;padding-left: 0px !important;}&#8221;][vc_column][vc_column_text el_class=&#8221;bigP&#8221;] ENDODONTIA [\/vc_column_text][\/vc_column][\/vc_row][vc_row equal_height=&#8221;yes&#8221; margin_bottom=&#8221;40px&#8221; css=&#8221;.vc_custom_1591315985493{margin-bottom: 40px !important;}&#8221;][vc_column][vc_column_text el_class=&#8221;titleBorder&#8221;] BENEF\u00cdCIOS DO TRATAMENTO [\/vc_column_text][vc_row_inner][vc_column_inner][vc_column_text el_class=&#8221;bigP&#8221;]A endodontia \u00e9 uma das especialidades odontol\u00f3gicas que previne e cura as enfermidades na polpa dental (tecido mole que situa-se internamente ao dente). Em casos de enfermidade, o tratamento \u00e9 remover este tecido que se encontra infectado (com bact\u00e9rias ou n\u00e3o)\u00a0 substituindo-o por material obturador. O comprometimento do canal de um dente pode ser desde trauma at\u00e9 evolu\u00e7\u00e3o do [&hellip;]<\/p>\n","protected":false},"author":1,"featured_media":1933,"parent":0,"menu_order":0,"comment_status":"closed","ping_status":"closed","template":"home-template.php","meta":{"_monsterinsights_skip_tracking":false,"_monsterinsights_sitenote_active":false,"_monsterinsights_sitenote_note":"","_monsterinsights_sitenote_category":0,"footnotes":""},"class_list":["post-1636","page","type-page","status-publish","has-post-thumbnail","hentry"],"_links":{"self":[{"href":"https:\/\/clinicaclam.com.br\/index.php\/wp-json\/wp\/v2\/pages\/1636","targetHints":{"allow":["GET"]}}],"collection":[{"href":"https:\/\/clinicaclam.com.br\/index.php\/wp-json\/wp\/v2\/pages"}],"about":[{"href":"https:\/\/clinicaclam.com.br\/index.php\/wp-json\/wp\/v2\/types\/page"}],"author":[{"embeddable":true,"href":"https:\/\/clinicaclam.com.br\/index.php\/wp-json\/wp\/v2\/users\/1"}],"replies":[{"embeddable":true,"href":"https:\/\/clinicaclam.com.br\/index.php\/wp-json\/wp\/v2\/comments?post=1636"}],"version-history":[{"count":0,"href":"https:\/\/clinicaclam.com.br\/index.php\/wp-json\/wp\/v2\/pages\/1636\/revisions"}],"wp:featuredmedia":[{"embeddable":true,"href":"https:\/\/clinicaclam.com.br\/index.php\/wp-json\/wp\/v2\/media\/1933"}],"wp:attachment":[{"href":"https:\/\/clinicaclam.com.br\/index.php\/wp-json\/wp\/v2\/media?parent=1636"}],"curies":[{"name":"wp","href":"https:\/\/api.w.org\/{rel}","templated":true}]}}