{"id":1622,"date":"2020-08-20T22:15:59","date_gmt":"2020-08-20T22:15:59","guid":{"rendered":"http:\/\/clinicaclam.com.br\/?page_id=1622"},"modified":"2021-04-09T00:36:07","modified_gmt":"2021-04-09T00:36:07","slug":"clareamento-dental-a-laser","status":"publish","type":"page","link":"https:\/\/clinicaclam.com.br\/index.php\/clareamento-dental-a-laser\/","title":{"rendered":"Clareamento dental a laser"},"content":{"rendered":"<p>[vc_row margin_bottom=&#8221;0&#8243; bg_color=&#8221;#fcfcfc&#8221; padding=&#8221;40px 0 0 0&#8243; css=&#8221;.vc_custom_1591306450451{margin-bottom: 0px !important;padding-top: 40px !important;padding-right: 0px !important;padding-bottom: 0px !important;padding-left: 0px !important;}&#8221;][vc_column][vc_column_text el_class=&#8221;bigP&#8221;]<\/p>\n<h1 style=\"text-align: center;\">CLAREAMENTO DENTAL A LASER<\/h1>\n<p style=\"text-align: center;\"><img loading=\"lazy\" decoding=\"async\" class=\"wp-image-1039 size-full aligncenter\" style=\"margin-top: 30px;\" src=\"https:\/\/clinicaclam.com.br\/wp-content\/uploads\/2020\/06\/clareamento-dental-laser-santo-andre.jpg\" alt=\"\" width=\"1048\" height=\"586\" \/><\/p>\n<p>[\/vc_column_text][\/vc_column][\/vc_row][vc_row equal_height=&#8221;yes&#8221; margin_bottom=&#8221;40px&#8221; css=&#8221;.vc_custom_1591315985493{margin-bottom: 40px !important;}&#8221;][vc_column][vc_column_text el_class=&#8221;titleBorder&#8221;]<\/p>\n<h2>BENEF\u00cdCIOS DO TRATAMENTO<\/h2>\n<p>[\/vc_column_text][vc_row_inner][vc_column_inner][vc_column_text el_class=&#8221;bigP&#8221;]<\/p>\n<div class=\"wpb_text_column wpb_content_element \">\n<div class=\"wpb_wrapper\">\n<h3 style=\"text-align: left;\">O que \u00e9 clareamento dental a laser?<\/h3>\n<p style=\"text-align: left;\">\u00c9 uma t\u00e9cnica que atrav\u00e9s do uso de subst\u00e2ncias qu\u00edmicas ativadas pelo aparelho led\/laser remove manchas e pigmenta\u00e7\u00f5es dos dentes, alojadas em sua camada interna, na dentina.<\/p>\n<h3 style=\"text-align: left;\">Como \u00e9 feito o clareamento a laser?<\/h3>\n<p style=\"text-align: left;\">Este procedimento \u00e9 feito pelo cirurgi\u00e3o-dentista em seu consult\u00f3rio podendo variar de 2 a 3 sess\u00f5es dependendo dos resultados p\u00f3s-clareamento. Neste tipo clareamento n\u00e3o necessita da coopera\u00e7\u00e3o do paciente.Um gel clareador \u00e0 base de per\u00f3xido de hidrog\u00eanio ou per\u00f3xido de carbamida, de concentra\u00e7\u00e3o que varia entre 15 a 35%, \u00e9 aplicado pelo dentista sobre a superf\u00edcie externa do dente e ativado por um aparelho led\/laser que libera mol\u00e9culas de oxig\u00eanio promovendo assim o clareamento dental.<\/p>\n<h3 style=\"text-align: left;\">O que \u00e9 Clareamento caseiro?<\/h3>\n<p style=\"text-align: left;\">\u00c9 uma t\u00e9cnica que atrav\u00e9s do uso de subst\u00e2ncias qu\u00edmicas colocadas em uma moldeira, feita especifica para o paciente com resultados de remo\u00e7\u00e3o de manchas e pigmenta\u00e7\u00f5es dos dentes.<\/p>\n<h3 style=\"text-align: left;\">Como \u00e9 feito o clareamento caseiro?<\/h3>\n<p style=\"text-align: left;\">O cirurgi\u00e3o dentista providenciar\u00e1 moldeiras individuais e o paciente ser\u00e1 orientado a encaix\u00e1-las nos dentes associado ao produto gel clareador. A concentra\u00e7\u00e3o deste produto pode variar entre 4 \u00e0 16% dependendo da escolha do cirurgi\u00e3o-dentista, o tempo de uso tamb\u00e9m, entre 30 minutos \u00e0 4 horas di\u00e1ria dependendo da concentra\u00e7\u00e3o ) durante 2 a 3 semanas. Neste procedimento o paciente deve cooperar com o uso em casa da moldeira, conforme orienta\u00e7\u00e3o do profissional.<\/p>\n<p style=\"text-align: left;\">O tipo de gel, concentra\u00e7\u00e3o e tempo de tratamento deve ser uma decis\u00e3o do profissional com o paciente, por meio de uma an\u00e1lise e exame cl\u00ednico adequados.<\/p>\n<p style=\"text-align: left;\">A associa\u00e7\u00e3o dos dois m\u00e9todos (caseiro e com led\/laser) produz um resultado muito eficiente, por\u00e9m diante do grau de sensibilidade dos dentes do paciente caber\u00e1 ao profissional determinar qual procedimento ser\u00e1 mais favor\u00e1vel (clareamento led\/laser e\/ou caseiro), pois o clareamento caseiro possui concentra\u00e7\u00e3o menor e pode variar o tempo de uso produzindo sensibilidade menor.<\/p>\n<\/div>\n<\/div>\n<p>[\/vc_column_text][\/vc_column_inner][\/vc_row_inner][\/vc_column][\/vc_row][vc_row][vc_column][vc_column_text el_class=&#8221;bigP&#8221;]<\/p>\n<h1 style=\"text-align: center;\"><strong><span style=\"color: #e54242;\">Agende uma avalia\u00e7\u00e3o! Ligue (11)4437-1818<\/span><\/strong><\/h1>\n<p style=\"text-align: center;\">Ou se preferir, fale conosco atrav\u00e9s do WhatsApp clicando no bot\u00e3o ao lado.<\/p>\n<p>[\/vc_column_text][\/vc_column][\/vc_row]<\/p>\n","protected":false},"excerpt":{"rendered":"<p>[vc_row margin_bottom=&#8221;0&#8243; bg_color=&#8221;#fcfcfc&#8221; padding=&#8221;40px 0 0 0&#8243; css=&#8221;.vc_custom_1591306450451{margin-bottom: 0px !important;padding-top: 40px !important;padding-right: 0px !important;padding-bottom: 0px !important;padding-left: 0px !important;}&#8221;][vc_column][vc_column_text el_class=&#8221;bigP&#8221;] CLAREAMENTO DENTAL A LASER [\/vc_column_text][\/vc_column][\/vc_row][vc_row equal_height=&#8221;yes&#8221; margin_bottom=&#8221;40px&#8221; css=&#8221;.vc_custom_1591315985493{margin-bottom: 40px !important;}&#8221;][vc_column][vc_column_text el_class=&#8221;titleBorder&#8221;] BENEF\u00cdCIOS DO TRATAMENTO [\/vc_column_text][vc_row_inner][vc_column_inner][vc_column_text el_class=&#8221;bigP&#8221;] O que \u00e9 clareamento dental a laser? \u00c9 uma t\u00e9cnica que atrav\u00e9s do uso de subst\u00e2ncias qu\u00edmicas ativadas pelo aparelho led\/laser remove manchas e pigmenta\u00e7\u00f5es dos dentes, alojadas em sua camada interna, na dentina. Como \u00e9 feito o clareamento a laser? Este procedimento \u00e9 feito pelo cirurgi\u00e3o-dentista em seu consult\u00f3rio podendo variar de 2 a [&hellip;]<\/p>\n","protected":false},"author":1,"featured_media":1626,"parent":0,"menu_order":0,"comment_status":"closed","ping_status":"closed","template":"home-template.php","meta":{"_monsterinsights_skip_tracking":false,"_monsterinsights_sitenote_active":false,"_monsterinsights_sitenote_note":"","_monsterinsights_sitenote_category":0,"footnotes":""},"class_list":["post-1622","page","type-page","status-publish","has-post-thumbnail","hentry"],"_links":{"self":[{"href":"https:\/\/clinicaclam.com.br\/index.php\/wp-json\/wp\/v2\/pages\/1622","targetHints":{"allow":["GET"]}}],"collection":[{"href":"https:\/\/clinicaclam.com.br\/index.php\/wp-json\/wp\/v2\/pages"}],"about":[{"href":"https:\/\/clinicaclam.com.br\/index.php\/wp-json\/wp\/v2\/types\/page"}],"author":[{"embeddable":true,"href":"https:\/\/clinicaclam.com.br\/index.php\/wp-json\/wp\/v2\/users\/1"}],"replies":[{"embeddable":true,"href":"https:\/\/clinicaclam.com.br\/index.php\/wp-json\/wp\/v2\/comments?post=1622"}],"version-history":[{"count":0,"href":"https:\/\/clinicaclam.com.br\/index.php\/wp-json\/wp\/v2\/pages\/1622\/revisions"}],"wp:featuredmedia":[{"embeddable":true,"href":"https:\/\/clinicaclam.com.br\/index.php\/wp-json\/wp\/v2\/media\/1626"}],"wp:attachment":[{"href":"https:\/\/clinicaclam.com.br\/index.php\/wp-json\/wp\/v2\/media?parent=1622"}],"curies":[{"name":"wp","href":"https:\/\/api.w.org\/{rel}","templated":true}]}}