{"id":1561,"date":"2020-08-19T00:27:04","date_gmt":"2020-08-19T00:27:04","guid":{"rendered":"http:\/\/clinicaclam.com.br\/?page_id=1561"},"modified":"2021-04-09T00:35:24","modified_gmt":"2021-04-09T00:35:24","slug":"vascular","status":"publish","type":"page","link":"https:\/\/clinicaclam.com.br\/index.php\/vascular\/","title":{"rendered":"Vascular"},"content":{"rendered":"<p>[vc_row margin_bottom=&#8221;0&#8243; bg_color=&#8221;#fcfcfc&#8221; padding=&#8221;40px 0 0 0&#8243; css=&#8221;.vc_custom_1591306450451{margin-bottom: 0px !important;padding-top: 40px !important;padding-right: 0px !important;padding-bottom: 0px !important;padding-left: 0px !important;}&#8221;][vc_column][vc_column_text el_class=&#8221;bigP&#8221;]<\/p>\n<h1 style=\"text-align: center;\">CIRURGIA VASCULAR<\/h1>\n<p style=\"text-align: center;\">Trata-se de uma especialidade respons\u00e1vel pelo tratamento dos sistemas arterial, venoso e linf\u00e1tico. O cirurgi\u00e3o vascular atua em tratar todas as doen\u00e7as acometidas nestes sistemas. Dentre elas, aterosclerose e suas conseq\u00fc\u00eancias,tais como, infartos cerebrais e obstru\u00e7\u00f5es arteriais das pernas; insufici\u00eancia venosa (varizes e vasinhos), \u00falceras, tromboses, flebites e linfedemas. Dores nas pernas podem estar relacionadas a problemas circulat\u00f3rios ou de coluna. Uma boa avalia\u00e7\u00e3o com um profissional qualificado \u00e9 fundamental para diagnosticar o problema.<\/p>\n<p style=\"text-align: center;\"><img loading=\"lazy\" decoding=\"async\" class=\"wp-image-1039 size-full aligncenter\" style=\"margin-top: 30px;\" src=\"https:\/\/clinicaclam.com.br\/wp-content\/uploads\/2020\/08\/vascular-1.jpg\" alt=\"\" width=\"1048\" height=\"586\" \/><\/p>\n<p>[\/vc_column_text][\/vc_column][\/vc_row][vc_row equal_height=&#8221;yes&#8221; margin_bottom=&#8221;40px&#8221; css=&#8221;.vc_custom_1591315985493{margin-bottom: 40px !important;}&#8221;][vc_column][vc_column_text el_class=&#8221;titleBorder&#8221;]<\/p>\n<h2>TRATAMENTOS<\/h2>\n<p>[\/vc_column_text][vc_row_inner][vc_column_inner width=&#8221;7\/12&#8243;][vc_column_text el_class=&#8221;bigP&#8221;]<\/p>\n<h2>Cl\u00ednicos<\/h2>\n<p>\u2013 Linfedemas<\/p>\n<p>\u2013 \u00dalceras de membros inferiores<\/p>\n<p>\u2013 Escleroterapia (secagem de vasinhos)<\/p>\n<p>&nbsp;<\/p>\n<h2>Cir\u00fargicos<\/h2>\n<p>\u2013 Cirurgias arteriais<\/p>\n<p>\u2013 Cirurgias venosas: microcirurgia, cirurgia convencional ou \u00e0 laser[\/vc_column_text][\/vc_column_inner][\/vc_row_inner][\/vc_column][\/vc_row][vc_row][vc_column][vc_column_text el_class=&#8221;bigP&#8221;]<\/p>\n<h1 style=\"text-align: center;\"><strong><span style=\"color: #e54242;\">Agende uma avalia\u00e7\u00e3o! Ligue (11)4437-1818<\/span><\/strong><\/h1>\n<p style=\"text-align: center;\">Ou se preferir, fale conosco atrav\u00e9s do WhatsApp clicando no bot\u00e3o ao lado.<\/p>\n<p>[\/vc_column_text][\/vc_column][\/vc_row]<\/p>\n","protected":false},"excerpt":{"rendered":"<p>[vc_row margin_bottom=&#8221;0&#8243; bg_color=&#8221;#fcfcfc&#8221; padding=&#8221;40px 0 0 0&#8243; css=&#8221;.vc_custom_1591306450451{margin-bottom: 0px !important;padding-top: 40px !important;padding-right: 0px !important;padding-bottom: 0px !important;padding-left: 0px !important;}&#8221;][vc_column][vc_column_text el_class=&#8221;bigP&#8221;] CIRURGIA VASCULAR Trata-se de uma especialidade respons\u00e1vel pelo tratamento dos sistemas arterial, venoso e linf\u00e1tico. O cirurgi\u00e3o vascular atua em tratar todas as doen\u00e7as acometidas nestes sistemas. Dentre elas, aterosclerose e suas conseq\u00fc\u00eancias,tais como, infartos cerebrais e obstru\u00e7\u00f5es arteriais das pernas; insufici\u00eancia venosa (varizes e vasinhos), \u00falceras, tromboses, flebites e linfedemas. Dores nas pernas podem estar relacionadas a problemas circulat\u00f3rios ou de coluna. Uma boa avalia\u00e7\u00e3o com um profissional qualificado \u00e9 [&hellip;]<\/p>\n","protected":false},"author":1,"featured_media":1583,"parent":0,"menu_order":0,"comment_status":"closed","ping_status":"closed","template":"home-template.php","meta":{"_monsterinsights_skip_tracking":false,"_monsterinsights_sitenote_active":false,"_monsterinsights_sitenote_note":"","_monsterinsights_sitenote_category":0,"footnotes":""},"class_list":["post-1561","page","type-page","status-publish","has-post-thumbnail","hentry"],"_links":{"self":[{"href":"https:\/\/clinicaclam.com.br\/index.php\/wp-json\/wp\/v2\/pages\/1561","targetHints":{"allow":["GET"]}}],"collection":[{"href":"https:\/\/clinicaclam.com.br\/index.php\/wp-json\/wp\/v2\/pages"}],"about":[{"href":"https:\/\/clinicaclam.com.br\/index.php\/wp-json\/wp\/v2\/types\/page"}],"author":[{"embeddable":true,"href":"https:\/\/clinicaclam.com.br\/index.php\/wp-json\/wp\/v2\/users\/1"}],"replies":[{"embeddable":true,"href":"https:\/\/clinicaclam.com.br\/index.php\/wp-json\/wp\/v2\/comments?post=1561"}],"version-history":[{"count":0,"href":"https:\/\/clinicaclam.com.br\/index.php\/wp-json\/wp\/v2\/pages\/1561\/revisions"}],"wp:featuredmedia":[{"embeddable":true,"href":"https:\/\/clinicaclam.com.br\/index.php\/wp-json\/wp\/v2\/media\/1583"}],"wp:attachment":[{"href":"https:\/\/clinicaclam.com.br\/index.php\/wp-json\/wp\/v2\/media?parent=1561"}],"curies":[{"name":"wp","href":"https:\/\/api.w.org\/{rel}","templated":true}]}}