{"id":1555,"date":"2020-08-19T00:22:38","date_gmt":"2020-08-19T00:22:38","guid":{"rendered":"http:\/\/clinicaclam.com.br\/?page_id=1555"},"modified":"2021-03-02T21:50:25","modified_gmt":"2021-03-02T21:50:25","slug":"podologia","status":"publish","type":"page","link":"https:\/\/clinicaclam.com.br\/index.php\/podologia\/","title":{"rendered":"Podologia"},"content":{"rendered":"<p>[vc_row margin_bottom=&#8221;0&#8243; bg_color=&#8221;#fcfcfc&#8221; padding=&#8221;40px 0 0 0&#8243; css=&#8221;.vc_custom_1591306450451{margin-bottom: 0px !important;padding-top: 40px !important;padding-right: 0px !important;padding-bottom: 0px !important;padding-left: 0px !important;}&#8221;][vc_column][vc_column_text el_class=&#8221;bigP&#8221;]<\/p>\n<p style=\"text-align: center;\"><img loading=\"lazy\" decoding=\"async\" class=\"wp-image-1039 size-full aligncenter\" style=\"margin-top: 30px;\" src=\"https:\/\/clinicaclam.com.br\/wp-content\/uploads\/2020\/06\/podologia-3.jpg\" alt=\"\" width=\"1048\" height=\"586\" \/><\/p>\n<p>[\/vc_column_text][vc_column_text el_class=&#8221;titleBorder&#8221;]<\/p>\n<h2>PODOLOGIA<\/h2>\n<p>[\/vc_column_text][vc_column_text el_class=&#8221;bigP&#8221;]<\/p>\n<p style=\"font-weight: 400;\">\u00c9 a ci\u00eancia que estuda e trata problemas relacionados aos p\u00e9s de homens e mulheres, em suas diversas faixas et\u00e1rias.<\/p>\n<p style=\"font-weight: 400;\">Preven\u00e7\u00e3o, diagn\u00f3stico e tratamento da parte f\u00edsica e est\u00e9tica dos p\u00e9s, integrando e criando sinergia entre sa\u00fade e bem-estar. Devido a tens\u00e3o e desgaste, os p\u00e9s necessitam de cuidados e, porque n\u00e3o aproveitar e tratar das calosidades, unhas encravadas, rachaduras, fissuras por meio de\u00a0 um procedimento padr\u00e3o e sentir-se bem melhor?<\/p>\n<p>[\/vc_column_text][\/vc_column][\/vc_row][vc_row equal_height=&#8221;yes&#8221; margin_bottom=&#8221;40px&#8221; css=&#8221;.vc_custom_1591315985493{margin-bottom: 40px !important;}&#8221;][vc_column][vc_column_text el_class=&#8221;titleBorder&#8221;]<\/p>\n<h2>INDICA\u00c7\u00d5ES<\/h2>\n<p>[\/vc_column_text][vc_row_inner][vc_column_inner width=&#8221;7\/12&#8243;][vc_column_text el_class=&#8221;bigP&#8221;]<\/p>\n<ul>\n<li>Calos e Calosidades<\/li>\n<li>Unhas encravadas<\/li>\n<li>V.P (olho de peixe)<\/li>\n<li>Rachaduras e fissuras<\/li>\n<li>\u00d3rtese para corre\u00e7\u00e3o de unhas<\/li>\n<li>Onicomicose (micose de unhas)<\/li>\n<li>P\u00e9s Diab\u00e9ticos<\/li>\n<li>Reflexologia (massagem nos p\u00e9s)<\/li>\n<li>Corte t\u00e9cnico<\/li>\n<li>Podopediatria<\/li>\n<li>Podogeriatria<\/li>\n<\/ul>\n<p>[\/vc_column_text][\/vc_column_inner][\/vc_row_inner][\/vc_column][\/vc_row][vc_row][vc_column][vc_column_text el_class=&#8221;bigP&#8221;]<\/p>\n<h1 style=\"text-align: center;\"><strong><span style=\"color: #e54242;\">Agende uma avalia\u00e7\u00e3o! Ligue 4437-1818<\/span><\/strong><\/h1>\n<p style=\"text-align: center;\">Ou se preferir, fale conosco atrav\u00e9s do WhatsApp clicando no bot\u00e3o ao lado.<\/p>\n<p>[\/vc_column_text][\/vc_column][\/vc_row]<\/p>\n","protected":false},"excerpt":{"rendered":"<p>[vc_row margin_bottom=&#8221;0&#8243; bg_color=&#8221;#fcfcfc&#8221; padding=&#8221;40px 0 0 0&#8243; css=&#8221;.vc_custom_1591306450451{margin-bottom: 0px !important;padding-top: 40px !important;padding-right: 0px !important;padding-bottom: 0px !important;padding-left: 0px !important;}&#8221;][vc_column][vc_column_text el_class=&#8221;bigP&#8221;] [\/vc_column_text][vc_column_text el_class=&#8221;titleBorder&#8221;] PODOLOGIA [\/vc_column_text][vc_column_text el_class=&#8221;bigP&#8221;] \u00c9 a ci\u00eancia que estuda e trata problemas relacionados aos p\u00e9s de homens e mulheres, em suas diversas faixas et\u00e1rias. Preven\u00e7\u00e3o, diagn\u00f3stico e tratamento da parte f\u00edsica e est\u00e9tica dos p\u00e9s, integrando e criando sinergia entre sa\u00fade e bem-estar. Devido a tens\u00e3o e desgaste, os p\u00e9s necessitam de cuidados e, porque n\u00e3o aproveitar e tratar das calosidades, unhas encravadas, rachaduras, fissuras por meio de\u00a0 um procedimento [&hellip;]<\/p>\n","protected":false},"author":1,"featured_media":1577,"parent":0,"menu_order":0,"comment_status":"closed","ping_status":"closed","template":"home-template.php","meta":{"_monsterinsights_skip_tracking":false,"_monsterinsights_sitenote_active":false,"_monsterinsights_sitenote_note":"","_monsterinsights_sitenote_category":0,"footnotes":""},"class_list":["post-1555","page","type-page","status-publish","has-post-thumbnail","hentry"],"_links":{"self":[{"href":"https:\/\/clinicaclam.com.br\/index.php\/wp-json\/wp\/v2\/pages\/1555","targetHints":{"allow":["GET"]}}],"collection":[{"href":"https:\/\/clinicaclam.com.br\/index.php\/wp-json\/wp\/v2\/pages"}],"about":[{"href":"https:\/\/clinicaclam.com.br\/index.php\/wp-json\/wp\/v2\/types\/page"}],"author":[{"embeddable":true,"href":"https:\/\/clinicaclam.com.br\/index.php\/wp-json\/wp\/v2\/users\/1"}],"replies":[{"embeddable":true,"href":"https:\/\/clinicaclam.com.br\/index.php\/wp-json\/wp\/v2\/comments?post=1555"}],"version-history":[{"count":0,"href":"https:\/\/clinicaclam.com.br\/index.php\/wp-json\/wp\/v2\/pages\/1555\/revisions"}],"wp:featuredmedia":[{"embeddable":true,"href":"https:\/\/clinicaclam.com.br\/index.php\/wp-json\/wp\/v2\/media\/1577"}],"wp:attachment":[{"href":"https:\/\/clinicaclam.com.br\/index.php\/wp-json\/wp\/v2\/media?parent=1555"}],"curies":[{"name":"wp","href":"https:\/\/api.w.org\/{rel}","templated":true}]}}