{"id":1551,"date":"2020-08-19T00:21:30","date_gmt":"2020-08-19T00:21:30","guid":{"rendered":"http:\/\/clinicaclam.com.br\/?page_id=1551"},"modified":"2021-03-01T23:40:40","modified_gmt":"2021-03-01T23:40:40","slug":"ginecologia","status":"publish","type":"page","link":"https:\/\/clinicaclam.com.br\/index.php\/ginecologia\/","title":{"rendered":"Ginecologia"},"content":{"rendered":"<p>[vc_row margin_bottom=&#8221;0&#8243; bg_color=&#8221;#fcfcfc&#8221; padding=&#8221;40px 0 0 0&#8243; css=&#8221;.vc_custom_1591306450451{margin-bottom: 0px !important;padding-top: 40px !important;padding-right: 0px !important;padding-bottom: 0px !important;padding-left: 0px !important;}&#8221;][vc_column][vc_column_text el_class=&#8221;bigP&#8221;]<\/p>\n<p style=\"text-align: center;\"><img loading=\"lazy\" decoding=\"async\" class=\"wp-image-1039 size-full aligncenter\" style=\"margin-top: 30px;\" src=\"https:\/\/clinicaclam.com.br\/wp-content\/uploads\/2020\/06\/ginecologia-2.jpg\" alt=\"\" width=\"1048\" height=\"586\" \/><\/p>\n<p>[\/vc_column_text][vc_column_text el_class=&#8221;titleBorder&#8221;]<\/p>\n<h2>GINECOLOGIA<\/h2>\n<p>[\/vc_column_text][vc_row_inner][vc_column_inner][vc_column_text el_class=&#8221;bigP&#8221;]<\/p>\n<p style=\"font-weight: 400;\">\u00c9 a \u00e1rea da medicina que estuda a fisiologia e patologia do aparelho reprodutor feminino (vagina, \u00fatero e ov\u00e1rio) quando n\u00e3o gestante, desta forma previne doen\u00e7as e trata o \u00f3rg\u00e3o genital da mulher.<\/p>\n<p>[\/vc_column_text][\/vc_column_inner][\/vc_row_inner][\/vc_column][\/vc_row][vc_row equal_height=&#8221;yes&#8221; margin_bottom=&#8221;40px&#8221; css=&#8221;.vc_custom_1591315985493{margin-bottom: 40px !important;}&#8221;][vc_column][vc_column_text el_class=&#8221;titleBorder&#8221;]<\/p>\n<h2>PREVEN\u00c7\u00c3O E TRATAMENTOS DIVERSOS<\/h2>\n<p>[\/vc_column_text][vc_row_inner][vc_column_inner width=&#8221;7\/12&#8243;][vc_column_text el_class=&#8221;bigP&#8221;]<\/p>\n<ul>\n<li>Consultas de rotina<\/li>\n<li>Contracep\u00e7\u00e3o (m\u00e9todos para evitar a gravidez)<\/li>\n<li>Osteoporose (perda da densidade \u00f3ssea)<\/li>\n<li>Leucorr\u00e9ias (\u201ccorrimento\u201d)<\/li>\n<li>Doen\u00e7as sexualmente transmiss\u00edveis (clam\u00eddia, gonorreia, HPV)<\/li>\n<li>C\u00e2ncer Ginecol\u00f3gico e de Mama<\/li>\n<li>TPM (tens\u00e3o pr\u00e9-mestrual)<\/li>\n<li>Climat\u00e9rio (per\u00edodo que antecede a menopausa)<\/li>\n<li>Menopausa (per\u00edodo em que n\u00e3o h\u00e1 mais menstrua\u00e7\u00e3o)<\/li>\n<\/ul>\n<p>[\/vc_column_text][\/vc_column_inner][\/vc_row_inner][\/vc_column][\/vc_row][vc_row][vc_column][vc_column_text el_class=&#8221;bigP&#8221;]<\/p>\n<h1 style=\"text-align: center;\"><strong><span style=\"color: #e54242;\">Agende uma avalia\u00e7\u00e3o! Ligue 4437-1818<\/span><\/strong><\/h1>\n<p style=\"text-align: center;\">Ou se preferir, fale conosco atrav\u00e9s do WhatsApp clicando no bot\u00e3o ao lado.<\/p>\n<p>[\/vc_column_text][\/vc_column][\/vc_row]<\/p>\n","protected":false},"excerpt":{"rendered":"<p>[vc_row margin_bottom=&#8221;0&#8243; bg_color=&#8221;#fcfcfc&#8221; padding=&#8221;40px 0 0 0&#8243; css=&#8221;.vc_custom_1591306450451{margin-bottom: 0px !important;padding-top: 40px !important;padding-right: 0px !important;padding-bottom: 0px !important;padding-left: 0px !important;}&#8221;][vc_column][vc_column_text el_class=&#8221;bigP&#8221;] [\/vc_column_text][vc_column_text el_class=&#8221;titleBorder&#8221;] GINECOLOGIA [\/vc_column_text][vc_row_inner][vc_column_inner][vc_column_text el_class=&#8221;bigP&#8221;] \u00c9 a \u00e1rea da medicina que estuda a fisiologia e patologia do aparelho reprodutor feminino (vagina, \u00fatero e ov\u00e1rio) quando n\u00e3o gestante, desta forma previne doen\u00e7as e trata o \u00f3rg\u00e3o genital da mulher. [\/vc_column_text][\/vc_column_inner][\/vc_row_inner][\/vc_column][\/vc_row][vc_row equal_height=&#8221;yes&#8221; margin_bottom=&#8221;40px&#8221; css=&#8221;.vc_custom_1591315985493{margin-bottom: 40px !important;}&#8221;][vc_column][vc_column_text el_class=&#8221;titleBorder&#8221;] PREVEN\u00c7\u00c3O E TRATAMENTOS DIVERSOS [\/vc_column_text][vc_row_inner][vc_column_inner width=&#8221;7\/12&#8243;][vc_column_text el_class=&#8221;bigP&#8221;] Consultas de rotina Contracep\u00e7\u00e3o (m\u00e9todos para evitar a gravidez) Osteoporose (perda da densidade \u00f3ssea) Leucorr\u00e9ias (\u201ccorrimento\u201d) Doen\u00e7as sexualmente transmiss\u00edveis [&hellip;]<\/p>\n","protected":false},"author":1,"featured_media":1573,"parent":0,"menu_order":0,"comment_status":"closed","ping_status":"closed","template":"home-template.php","meta":{"_monsterinsights_skip_tracking":false,"_monsterinsights_sitenote_active":false,"_monsterinsights_sitenote_note":"","_monsterinsights_sitenote_category":0,"footnotes":""},"class_list":["post-1551","page","type-page","status-publish","has-post-thumbnail","hentry"],"_links":{"self":[{"href":"https:\/\/clinicaclam.com.br\/index.php\/wp-json\/wp\/v2\/pages\/1551","targetHints":{"allow":["GET"]}}],"collection":[{"href":"https:\/\/clinicaclam.com.br\/index.php\/wp-json\/wp\/v2\/pages"}],"about":[{"href":"https:\/\/clinicaclam.com.br\/index.php\/wp-json\/wp\/v2\/types\/page"}],"author":[{"embeddable":true,"href":"https:\/\/clinicaclam.com.br\/index.php\/wp-json\/wp\/v2\/users\/1"}],"replies":[{"embeddable":true,"href":"https:\/\/clinicaclam.com.br\/index.php\/wp-json\/wp\/v2\/comments?post=1551"}],"version-history":[{"count":0,"href":"https:\/\/clinicaclam.com.br\/index.php\/wp-json\/wp\/v2\/pages\/1551\/revisions"}],"wp:featuredmedia":[{"embeddable":true,"href":"https:\/\/clinicaclam.com.br\/index.php\/wp-json\/wp\/v2\/media\/1573"}],"wp:attachment":[{"href":"https:\/\/clinicaclam.com.br\/index.php\/wp-json\/wp\/v2\/media?parent=1551"}],"curies":[{"name":"wp","href":"https:\/\/api.w.org\/{rel}","templated":true}]}}