{"id":1482,"date":"2020-06-04T21:01:57","date_gmt":"2020-06-04T21:01:57","guid":{"rendered":"http:\/\/clinicaclam.com.br\/?page_id=1482"},"modified":"2021-03-01T22:02:04","modified_gmt":"2021-03-01T22:02:04","slug":"pilates","status":"publish","type":"page","link":"https:\/\/clinicaclam.com.br\/index.php\/pilates\/","title":{"rendered":"Pilates"},"content":{"rendered":"<p>[vc_row margin_bottom=&#8221;0&#8243; bg_color=&#8221;#fcfcfc&#8221; padding=&#8221;40px 0 0 0&#8243; css=&#8221;.vc_custom_1591306450451{margin-bottom: 0px !important;padding-top: 40px !important;padding-right: 0px !important;padding-bottom: 0px !important;padding-left: 0px !important;}&#8221;][vc_column][vc_column_text el_class=&#8221;bigP&#8221;]<\/p>\n<p style=\"text-align: center;\"><img loading=\"lazy\" decoding=\"async\" class=\"wp-image-1039 size-full aligncenter\" style=\"margin-top: 30px;\" src=\"https:\/\/clinicaclam.com.br\/wp-content\/uploads\/2020\/06\/pilates-com-bola-clam.jpg\" alt=\"\" width=\"1048\" height=\"586\" \/><\/p>\n<p>[\/vc_column_text][vc_column_text el_class=&#8221;titleBorder&#8221;]<\/p>\n<h2>AULAS DE <strong>PILATES<\/strong><\/h2>\n<p>[\/vc_column_text][vc_column_text el_class=&#8221;bigP&#8221;]<\/p>\n<p style=\"font-weight: 400;\">Pilates \u00e9 um m\u00e9todo de exerc\u00edcios criado no in\u00edcio do s\u00e9culo XX por um ginasta alem\u00e3o chamado Joseph Pilates. Ap\u00f3s um s\u00e9culo este m\u00e9todo ainda continua atual e eficiente tanto para atletas que buscam a melhora de desempenho, quanto para pessoas que necessitam de exerc\u00edcios suaves, aliviando as dores cr\u00f4nicas e a reabilita\u00e7\u00e3o de les\u00f5es.<\/p>\n<p>[\/vc_column_text][\/vc_column][\/vc_row][vc_row margin_bottom=&#8221;40px&#8221; css=&#8221;.vc_custom_1613081302344{margin-bottom: 40px !important;}&#8221;][vc_column][vc_column_text el_class=&#8221;titleBorder&#8221;]<\/p>\n<h2><strong>PILATES<\/strong> PARA GESTANTES<\/h2>\n<p>[\/vc_column_text][vc_row_inner][vc_column_inner width=&#8221;7\/12&#8243;][vc_column_text el_class=&#8221;bigP&#8221;]<\/p>\n<p style=\"font-weight: 400;\">A partir do 3\u00b0 m\u00eas, ou ap\u00f3s libera\u00e7\u00e3o m\u00e9dica, a gestante j\u00e1 pode praticar Pilates. O m\u00e9todo auxilia a futura mam\u00e3e a lidar com as altera\u00e7\u00f5es que seu corpo sofrer\u00e1 no decorrer da gesta\u00e7\u00e3o, como por exemplo: mudan\u00e7a no centro gravitacional do corpo, lombalgia gestacional, instabilidades ligamentares, etc.<\/p>\n<p style=\"font-weight: 400;\">Nas sess\u00f5es de Pilates, o fisioterapeuta foca no fortalecimento da musculatura do per\u00edneo (assoalho p\u00e9lvico) que servir\u00e1 para expulsar o beb\u00ea em partos normais e para evitar uma futura (indesej\u00e1vel) incontin\u00eancia urin\u00e1ria, al\u00e9m de fortalecer os m\u00fasculos da coluna, membros superiores e inferiores.<\/p>\n<p>[\/vc_column_text][\/vc_column_inner][vc_column_inner width=&#8221;5\/12&#8243;][vc_gallery interval=&#8221;3&#8243; images=&#8221;1515,1516&#8243; img_size=&#8221;555&#215;380&#8243; onclick=&#8221;&#8221;][\/vc_column_inner][\/vc_row_inner][\/vc_column][\/vc_row][vc_row full_width=&#8221;stretch_row&#8221; bg_color=&#8221;#f8f8f8&#8243; margin_bottom=&#8221;0px&#8221; css=&#8221;.vc_custom_1591318368859{margin-top: 0px !important;margin-bottom: 0px !important;padding-top: 0px !important;background-color: #f8f8f8 !important;}&#8221;][vc_column][vc_column_text el_class=&#8221;bigP&#8221;]<\/p>\n<h3 style=\"text-align: center;\"><strong><span style=\"color: #e54242;\">BENEF\u00cdCIOS<\/span><\/strong><\/h3>\n<p>[\/vc_column_text][vc_row_inner][vc_column_inner width=&#8221;1\/2&#8243;][vc_column_text el_class=&#8221;medicom-feature-list&#8221;]<\/p>\n<ul>\n<li style=\"font-weight: 400;\" aria-level=\"1\"><span style=\"font-weight: 400;\">Fortalece os m\u00fasculos, inclusive o grupamento muscular respons\u00e1vel pela estabiliza\u00e7\u00e3o do tronco<\/span>;<\/li>\n<li style=\"font-weight: 400;\" aria-level=\"1\"><span style=\"font-weight: 400;\">\u00a0Promove o equil\u00edbrio entre for\u00e7a e flexibilidade, reduzindo o risco de les\u00f5es<\/span>;<\/li>\n<li style=\"font-weight: 400;\" aria-level=\"1\"><span style=\"font-weight: 400;\">\u00a0Melhora a postura e a mobilidade das articula\u00e7\u00f5es<\/span>;<\/li>\n<\/ul>\n<p>[\/vc_column_text][\/vc_column_inner][vc_column_inner width=&#8221;1\/2&#8243;][vc_column_text el_class=&#8221;medicom-feature-list&#8221;]<\/p>\n<ul>\n<li><span style=\"font-weight: 400;\">Ajuda a aliviar o estresse;<\/span><\/li>\n<li style=\"font-weight: 400;\" aria-level=\"1\"><span style=\"font-weight: 400;\">Melhora a capacidade de concentra\u00e7\u00e3o, pois combina respira\u00e7\u00e3o com exerc\u00edcio, o que leva o praticante a uma atividade completamente consciente.<\/span><\/li>\n<\/ul>\n<p>[\/vc_column_text][\/vc_column_inner][\/vc_row_inner][\/vc_column][\/vc_row][vc_row][vc_column][vc_column_text el_class=&#8221;bigP&#8221;]<\/p>\n<h3 style=\"text-align: center;\"><strong><span style=\"color: #e54242;\">Agende uma avalia\u00e7\u00e3o! Ligue 4437-1818<\/span><\/strong><\/h3>\n<p style=\"text-align: center;\">Ou se preferir, fale conosco atrav\u00e9s do WhatsApp clicando no bot\u00e3o ao lado.<\/p>\n<p>[\/vc_column_text][\/vc_column][\/vc_row]<\/p>\n","protected":false},"excerpt":{"rendered":"<p>[vc_row margin_bottom=&#8221;0&#8243; bg_color=&#8221;#fcfcfc&#8221; padding=&#8221;40px 0 0 0&#8243; css=&#8221;.vc_custom_1591306450451{margin-bottom: 0px !important;padding-top: 40px !important;padding-right: 0px !important;padding-bottom: 0px !important;padding-left: 0px !important;}&#8221;][vc_column][vc_column_text el_class=&#8221;bigP&#8221;] [\/vc_column_text][vc_column_text el_class=&#8221;titleBorder&#8221;] AULAS DE PILATES [\/vc_column_text][vc_column_text el_class=&#8221;bigP&#8221;] Pilates \u00e9 um m\u00e9todo de exerc\u00edcios criado no in\u00edcio do s\u00e9culo XX por um ginasta alem\u00e3o chamado Joseph Pilates. Ap\u00f3s um s\u00e9culo este m\u00e9todo ainda continua atual e eficiente tanto para atletas que buscam a melhora de desempenho, quanto para pessoas que necessitam de exerc\u00edcios suaves, aliviando as dores cr\u00f4nicas e a reabilita\u00e7\u00e3o de les\u00f5es. [\/vc_column_text][\/vc_column][\/vc_row][vc_row margin_bottom=&#8221;40px&#8221; css=&#8221;.vc_custom_1613081302344{margin-bottom: 40px !important;}&#8221;][vc_column][vc_column_text el_class=&#8221;titleBorder&#8221;] PILATES PARA GESTANTES [&hellip;]<\/p>\n","protected":false},"author":1,"featured_media":1483,"parent":0,"menu_order":0,"comment_status":"closed","ping_status":"closed","template":"home-template.php","meta":{"_monsterinsights_skip_tracking":false,"_monsterinsights_sitenote_active":false,"_monsterinsights_sitenote_note":"","_monsterinsights_sitenote_category":0,"footnotes":""},"class_list":["post-1482","page","type-page","status-publish","has-post-thumbnail","hentry"],"_links":{"self":[{"href":"https:\/\/clinicaclam.com.br\/index.php\/wp-json\/wp\/v2\/pages\/1482","targetHints":{"allow":["GET"]}}],"collection":[{"href":"https:\/\/clinicaclam.com.br\/index.php\/wp-json\/wp\/v2\/pages"}],"about":[{"href":"https:\/\/clinicaclam.com.br\/index.php\/wp-json\/wp\/v2\/types\/page"}],"author":[{"embeddable":true,"href":"https:\/\/clinicaclam.com.br\/index.php\/wp-json\/wp\/v2\/users\/1"}],"replies":[{"embeddable":true,"href":"https:\/\/clinicaclam.com.br\/index.php\/wp-json\/wp\/v2\/comments?post=1482"}],"version-history":[{"count":0,"href":"https:\/\/clinicaclam.com.br\/index.php\/wp-json\/wp\/v2\/pages\/1482\/revisions"}],"wp:featuredmedia":[{"embeddable":true,"href":"https:\/\/clinicaclam.com.br\/index.php\/wp-json\/wp\/v2\/media\/1483"}],"wp:attachment":[{"href":"https:\/\/clinicaclam.com.br\/index.php\/wp-json\/wp\/v2\/media?parent=1482"}],"curies":[{"name":"wp","href":"https:\/\/api.w.org\/{rel}","templated":true}]}}