        {"id":1194,"date":"2020-06-01T22:26:54","date_gmt":"2020-06-01T22:26:54","guid":{"rendered":"http:\/\/clinicaclam.com.br\/?page_id=1194"},"modified":"2021-03-09T02:09:11","modified_gmt":"2021-03-09T02:09:11","slug":"clam-clinica-medica-e-odontologica","status":"publish","type":"page","link":"https:\/\/clinicaclam.com.br\/","title":{"rendered":"CLAM &#8211; Cl\u00ednica M\u00e9dica e Odontol\u00f3gica"},"content":{"rendered":"<p>[vc_row][vc_column][layerslider_vc id=&#8221;2&#8243;][\/vc_column][\/vc_row][vc_row content_placement=&#8221;middle&#8221; bg_image=&#8221;1074&#8243; padding=&#8221;40px 0 0 0&#8243; new_background=&#8221;default&#8221; css=&#8221;.vc_custom_1591074125818{padding-top: 40px !important;padding-right: 40px !important;padding-bottom: 40px !important;padding-left: 40px !important;background-position: 0 0 !important;background-repeat: repeat !important;}&#8221;][vc_column][vc_column_text el_class=&#8221;bigP&#8221;]<\/p>\n<h1 style=\"text-align: center; font-size: 1.6em;\">Equipe multidisciplinar com foco total em seu bem-estar!<\/h1>\n<p style=\"text-align: center;\">Profissionais altamente gabaritados, atendimento humanizado e excel\u00eancia na presta\u00e7\u00e3o de servi\u00e7os.<\/p>\n<p>[\/vc_column_text][vc_row_inner equal_height=&#8221;yes&#8221; content_placement=&#8221;middle&#8221;][vc_column_inner width=&#8221;1\/4&#8243;]<div class=\"absolute_image\" style = \"\"><div class=\"abs_image\"><img decoding=\"async\" src=\"https:\/\/clinicaclam.com.br\/wp-content\/uploads\/2021\/03\/odontologia-clam.jpg\" alt=\"Odontologia - Clam\"><div class=\"abs_cover\"><a href=\"https:\/\/clinicaclam.com.br\/index.php\/odontologia\/\"><i class=\"fa fa-eye\"><\/i><\/a><\/div><\/div><p>Odontologia<\/p><\/div>[\/vc_column_inner][vc_column_inner width=&#8221;1\/4&#8243;]<div class=\"absolute_image\" style = \"\"><div class=\"abs_image\"><img decoding=\"async\" src=\"https:\/\/clinicaclam.com.br\/wp-content\/uploads\/2020\/06\/saude-medico-clam.jpg\" alt=\"Medicina e Sa\u00fade Cl\u00ednica Clam\"><div class=\"abs_cover\"><a href=\"https:\/\/clinicaclam.com.br\/index.php\/medicina-e-saude\/\"><i class=\"fa fa-eye\"><\/i><\/a><\/div><\/div><p>Medicina e Sa\u00fade<\/p><\/div>[\/vc_column_inner][vc_column_inner width=&#8221;1\/4&#8243;]<div class=\"absolute_image\" style = \"\"><div class=\"abs_image\"><img decoding=\"async\" src=\"https:\/\/clinicaclam.com.br\/wp-content\/uploads\/2021\/03\/bem-estar-clam.jpg\" alt=\"Bem-estar\"><div class=\"abs_cover\"><a href=\"https:\/\/clinicaclam.com.br\/index.php\/bem-estar\/\"><i class=\"fa fa-eye\"><\/i><\/a><\/div><\/div><p>Bem-estar<\/p><\/div>[\/vc_column_inner][vc_column_inner width=&#8221;1\/4&#8243;]<div class=\"absolute_image\" style = \"\"><div class=\"abs_image\"><img decoding=\"async\" src=\"https:\/\/clinicaclam.com.br\/wp-content\/uploads\/2020\/06\/estatica-clinica-clam.jpg\" alt=\"Est\u00e9tica Cl\u00ednica Clam\"><div class=\"abs_cover\"><a href=\"\"><i class=\"fa fa-eye\"><\/i><\/a><\/div><\/div><p>Est\u00e9tica<\/p><\/div>[\/vc_column_inner][\/vc_row_inner][\/vc_column][\/vc_row][vc_row][vc_column width=&#8221;1\/2&#8243;]        <div class=\"blog-widget\">\n            <h2 class=\"fadeInLeft-1 blind entry-title animated\">FIQUE <strong>POR DENTRO<\/strong><\/h2>\n        <div class=\"latest-post-slider\">\n          \n                    <article class=\"post-item post-1898 post type-post status-publish format-standard has-post-thumbnail hentry category-odontologia\">\n              <div class=\"blog-content\">\n              <img loading=\"lazy\" decoding=\"async\" width=\"150\" height=\"150\" src=\"https:\/\/clinicaclam.com.br\/wp-content\/uploads\/2020\/09\/dentes-encavalados-150x150.jpg\" class=\"minithumbnail wp-post-image\" alt=\"Dentes encavalados\" \/><h4 class=\"blog-title\"><a href=\"https:\/\/clinicaclam.com.br\/index.php\/2020\/09\/01\/por-que-os-dentes-ficam-encavalados-conforme-vamos-envelhecendo\/\" rel=\"bookmark\" title=\"Permanent Link to Por que os dentes ficam \u201cencavalados\u201d conforme vamos envelhecendo?\">Por que os dentes ficam \u201cencavalados\u201d conforme vamos envelhecendo?<\/a><\/h4>\n              <p class=\"blog-meta\">1 setembro, 2020 - 10:30:14<\/p>\n              <p class=\"hidden-mini\">\u00c9 fato que um dente se sobrep\u00f5e sobre o outro (apinhamento) progressivamente, principalmente&hellip;<a href=\"https:\/\/clinicaclam.com.br\/index.php\/2020\/09\/01\/por-que-os-dentes-ficam-encavalados-conforme-vamos-envelhecendo\/\">READ MORE<\/a><\/p>   \n              <\/div>\n            <\/article>\n                    <article class=\"post-item post-1893 post type-post status-publish format-standard has-post-thumbnail hentry category-podologia\">\n              <div class=\"blog-content\">\n              <img loading=\"lazy\" decoding=\"async\" width=\"150\" height=\"150\" src=\"https:\/\/clinicaclam.com.br\/wp-content\/uploads\/2020\/09\/podologia-banho-de-parafina-150x150.jpg\" class=\"minithumbnail wp-post-image\" alt=\"Banho de parafina nos p\u00e9s\" \/><h4 class=\"blog-title\"><a href=\"https:\/\/clinicaclam.com.br\/index.php\/2020\/09\/01\/tratando-os-pes-com-carinho-podologiareflexologiabanho-de-parafina\/\" rel=\"bookmark\" title=\"Permanent Link to Tratando os p\u00e9s com carinho (Podologia+Reflexologia+Banho de parafina)\">Tratando os p\u00e9s com carinho (Podologia+Reflexologia+Banho de parafina)<\/a><\/h4>\n              <p class=\"blog-meta\">1 setembro, 2020 - 8:25:10<\/p>\n              <p class=\"hidden-mini\">E que tal p\u00e9s macios, relaxados e quentinhos?! Nesses dias frios voc\u00ea pode&hellip;<a href=\"https:\/\/clinicaclam.com.br\/index.php\/2020\/09\/01\/tratando-os-pes-com-carinho-podologiareflexologiabanho-de-parafina\/\">READ MORE<\/a><\/p>   \n              <\/div>\n            <\/article>\n                    <article class=\"post-item post-1890 post type-post status-publish format-standard has-post-thumbnail hentry category-podologia\">\n              <div class=\"blog-content\">\n              <img loading=\"lazy\" decoding=\"async\" width=\"150\" height=\"150\" src=\"https:\/\/clinicaclam.com.br\/wp-content\/uploads\/2020\/09\/podologia-150x150.jpg\" class=\"minithumbnail wp-post-image\" alt=\"Podologia\" \/><h4 class=\"blog-title\"><a href=\"https:\/\/clinicaclam.com.br\/index.php\/2020\/09\/01\/como-funciona-o-procedimento-padrao-de-podologia\/\" rel=\"bookmark\" title=\"Permanent Link to Como funciona o procedimento padr\u00e3o de podologia?\">Como funciona o procedimento padr\u00e3o de podologia?<\/a><\/h4>\n              <p class=\"blog-meta\">1 setembro, 2020 - 7:54:28<\/p>\n              <p class=\"hidden-mini\">Saiba o que esperar ao agendar um hor\u00e1rio com um profissional da Podologia&hellip;<a href=\"https:\/\/clinicaclam.com.br\/index.php\/2020\/09\/01\/como-funciona-o-procedimento-padrao-de-podologia\/\">READ MORE<\/a><\/p>   \n              <\/div>\n            <\/article>\n        \n        <\/div>\n        \n        <div class=\"slide-pagination\"><a href=\"#\" class=\"prev\"><\/a><a href=\"#\" class=\"next\"><\/a><\/div>\n    <\/div>\n    [\/vc_column][vc_column width=&#8221;1\/2&#8243;][vc_accordion active_tab=&#8221;1&#8243; title=&#8221;PROCEDIMENTOS <strong>MAIS PROCURADOS<\/strong>&#8220;][vc_accordion_tab title=&#8221;Hidrolipoaspira\u00e7\u00e3o&#8221; medicom_icon=&#8221;fa fa-medkit&#8221;][vc_column_text]O sonho de mudar os contornos do corpo ganha aliados de tempos em tempos, quando novas t\u00e9cnicas s\u00e3o lan\u00e7adas com a promessa de garantir mais precis\u00e3o e seguran\u00e7a aos procedimentos. \u00c9 o caso da chamada\u00a0<strong>hidrolipoaspira\u00e7\u00e3o<\/strong>, uma varia\u00e7\u00e3o da lipoescultura que assegura uma recupera\u00e7\u00e3o mais r\u00e1pida e menos dolorida do que o m\u00e9todo tradicional, assim como um n\u00famero reduzido de hematomas.[\/vc_column_text][\/vc_accordion_tab][vc_accordion_tab title=&#8221;Podologia&#8221; medicom_icon=&#8221;fa fa-medkit&#8221;][vc_column_text]Preven\u00e7\u00e3o, diagn\u00f3stico e tratamento da parte f\u00edsica e est\u00e9tica dos p\u00e9s, integrando e criando sinergia entre sa\u00fade e bem-estar. Pela propens\u00e3o de tens\u00e3o e desgaste, os p\u00e9s necessitam de cuidados e, porque n\u00e3o aproveitar e tratar das calosidades, unhas encravadas, rachaduras, fissuras ou mesmo um procedimento padr\u00e3o e sentir-se bem?[\/vc_column_text][\/vc_accordion_tab][vc_accordion_tab title=&#8221;Facetas Laminadas&#8221; medicom_icon=&#8221;fa fa-medkit&#8221;][vc_column_text]As pessoas com sorriso sadio gostam de exibi-lo, mas sorrir pode ser uma experi\u00eancia dolorosa, emocional e fisicamente, para aquelas com dentes lascados, pigmentados ou tortos. Felizmente, h\u00e1 v\u00e1rias op\u00e7\u00f5es para ajudar a resolver problemas dent\u00e1rios, e uma das mais populares para pacientes mais velhos s\u00e3o as facetas laminadas de porcelana.[\/vc_column_text][\/vc_accordion_tab][vc_accordion_tab title=&#8221;Pilates&#8221; medicom_icon=&#8221;fa fa-medkit&#8221;][vc_column_text]Pilates \u00e9 um m\u00e9todo de exerc\u00edcios criado no in\u00edcio do s\u00e9culo XX por um ginasta alem\u00e3o chamado Joseph Pilates. E ap\u00f3s um s\u00e9culo este m\u00e9todo continua atual e eficiente tanto para atletas que buscam melhora de desempenho como tamb\u00e9m para pessoas que necessitam de exerc\u00edcios suaves para aliviar dores cr\u00f4nicas e reabilita\u00e7\u00e3o de les\u00f5es.[\/vc_column_text][\/vc_accordion_tab][\/vc_accordion][\/vc_column][\/vc_row]<\/p>\n","protected":false},"excerpt":{"rendered":"<p>[vc_row][vc_column][layerslider_vc id=&#8221;2&#8243;][\/vc_column][\/vc_row][vc_row content_placement=&#8221;middle&#8221; bg_image=&#8221;1074&#8243; padding=&#8221;40px 0 0 0&#8243; new_background=&#8221;default&#8221; css=&#8221;.vc_custom_1591074125818{padding-top: 40px !important;padding-right: 40px !important;padding-bottom: 40px !important;padding-left: 40px !important;background-position: 0 0 !important;background-repeat: repeat !important;}&#8221;][vc_column][vc_column_text el_class=&#8221;bigP&#8221;] Equipe multidisciplinar com foco total em seu bem-estar! Profissionais altamente gabaritados, atendimento humanizado e excel\u00eancia na presta\u00e7\u00e3o de servi\u00e7os. [\/vc_column_text][vc_row_inner equal_height=&#8221;yes&#8221; content_placement=&#8221;middle&#8221;][vc_column_inner width=&#8221;1\/4&#8243;][\/vc_column_inner][vc_column_inner width=&#8221;1\/4&#8243;][\/vc_column_inner][vc_column_inner width=&#8221;1\/4&#8243;][\/vc_column_inner][vc_column_inner width=&#8221;1\/4&#8243;][\/vc_column_inner][\/vc_row_inner][\/vc_column][\/vc_row][vc_row][vc_column width=&#8221;1\/2&#8243;][\/vc_column][vc_column width=&#8221;1\/2&#8243;][vc_accordion active_tab=&#8221;1&#8243; title=&#8221;PROCEDIMENTOS MAIS PROCURADOS&#8220;][vc_accordion_tab title=&#8221;Hidrolipoaspira\u00e7\u00e3o&#8221; medicom_icon=&#8221;fa fa-medkit&#8221;][vc_column_text]O sonho de mudar os contornos do corpo ganha aliados de tempos em tempos, quando novas t\u00e9cnicas s\u00e3o lan\u00e7adas com a promessa de garantir mais precis\u00e3o e seguran\u00e7a aos procedimentos. \u00c9 o [&hellip;]<\/p>\n","protected":false},"author":1,"featured_media":0,"parent":0,"menu_order":0,"comment_status":"closed","ping_status":"closed","template":"home-template.php","meta":{"_monsterinsights_skip_tracking":false,"_monsterinsights_sitenote_active":false,"_monsterinsights_sitenote_note":"","_monsterinsights_sitenote_category":0,"footnotes":""},"class_list":["post-1194","page","type-page","status-publish","hentry"],"_links":{"self":[{"href":"https:\/\/clinicaclam.com.br\/index.php\/wp-json\/wp\/v2\/pages\/1194","targetHints":{"allow":["GET"]}}],"collection":[{"href":"https:\/\/clinicaclam.com.br\/index.php\/wp-json\/wp\/v2\/pages"}],"about":[{"href":"https:\/\/clinicaclam.com.br\/index.php\/wp-json\/wp\/v2\/types\/page"}],"author":[{"embeddable":true,"href":"https:\/\/clinicaclam.com.br\/index.php\/wp-json\/wp\/v2\/users\/1"}],"replies":[{"embeddable":true,"href":"https:\/\/clinicaclam.com.br\/index.php\/wp-json\/wp\/v2\/comments?post=1194"}],"version-history":[{"count":0,"href":"https:\/\/clinicaclam.com.br\/index.php\/wp-json\/wp\/v2\/pages\/1194\/revisions"}],"wp:attachment":[{"href":"https:\/\/clinicaclam.com.br\/index.php\/wp-json\/wp\/v2\/media?parent=1194"}],"curies":[{"name":"wp","href":"https:\/\/api.w.org\/{rel}","templated":true}]}}